{"id":210,"date":"2023-11-15T08:56:27","date_gmt":"2023-11-15T07:56:27","guid":{"rendered":"https:\/\/sittelleimage.studio\/?page_id=210"},"modified":"2025-07-09T16:49:19","modified_gmt":"2025-07-09T14:49:19","slug":"danse-audiovisuelles-publicitaires-video-photo-spectacle","status":"publish","type":"page","link":"https:\/\/sittelleimage.studio\/index.php\/danse-audiovisuelles-publicitaires-video-photo-spectacle\/","title":{"rendered":"Spectacles de danse"},"content":{"rendered":"<p>[et_pb_section fb_built=&#8221;1&#8243; inner_shadow=&#8221;on&#8221; _builder_version=&#8221;4.23&#8243; _module_preset=&#8221;default&#8221; background_color=&#8221;#000000&#8243; global_colors_info=&#8221;{}&#8221;][et_pb_row _builder_version=&#8221;4.23&#8243; _module_preset=&#8221;default&#8221; global_colors_info=&#8221;{}&#8221;][et_pb_column type=&#8221;4_4&#8243; _builder_version=&#8221;4.23&#8243; _module_preset=&#8221;default&#8221; global_colors_info=&#8221;{}&#8221;][et_pb_text _builder_version=&#8221;4.23&#8243; _module_preset=&#8221;default&#8221; header_2_font=&#8221;Montserrat||||||||&#8221; header_2_text_color=&#8221;#FFFFFF&#8221; global_colors_info=&#8221;{}&#8221;]<\/p>\n<h2><strong>PORTE-FOLIO<\/strong><\/h2>\n<h2>Captations<\/h2>\n<p>[\/et_pb_text][\/et_pb_column][\/et_pb_row][et_pb_row column_structure=&#8221;1_2,1_2&#8243; _builder_version=&#8221;4.23&#8243; _module_preset=&#8221;default&#8221; global_colors_info=&#8221;{}&#8221;][et_pb_column type=&#8221;1_2&#8243; _builder_version=&#8221;4.23&#8243; _module_preset=&#8221;default&#8221; global_colors_info=&#8221;{}&#8221;][et_pb_text _builder_version=&#8221;4.23&#8243; _module_preset=&#8221;default&#8221; header_3_font=&#8221;Montserrat|||on|||||&#8221; header_3_text_align=&#8221;center&#8221; header_3_text_color=&#8221;#FFFFFF&#8221; header_3_font_size=&#8221;25px&#8221; link_option_url=&#8221;https:\/\/youtu.be\/cr9fa0XRBAY&#8221; global_colors_info=&#8221;{}&#8221;]<\/p>\n<h3>Mass Less<\/h3>\n<p>[\/et_pb_text][et_pb_video src=&#8221;https:\/\/youtu.be\/QV0iNgHVvbk&#8221; image_src=&#8221;https:\/\/sittelleimage.studio\/wp-content\/uploads\/2023\/11\/massless-2.png&#8221; _builder_version=&#8221;4.23&#8243; _module_preset=&#8221;default&#8221; global_colors_info=&#8221;{}&#8221;][\/et_pb_video][et_pb_text _builder_version=&#8221;4.23&#8243; _module_preset=&#8221;default&#8221; global_colors_info=&#8221;{}&#8221;]<\/p>\n<p>Multicam\u00e9ras | Cam\u00e9ra volante | Budget \u20ac\u20ac\u20ac<\/p>\n<p>[\/et_pb_text][et_pb_text _builder_version=&#8221;4.23&#8243; _module_preset=&#8221;default&#8221; header_3_font=&#8221;Montserrat|||on|||||&#8221; header_3_text_align=&#8221;center&#8221; header_3_text_color=&#8221;#FFFFFF&#8221; header_3_font_size=&#8221;25px&#8221; global_colors_info=&#8221;{}&#8221;]<\/p>\n<h3>Technion France<\/h3>\n<p>[\/et_pb_text][et_pb_video src=&#8221;https:\/\/youtu.be\/cr9fa0XRBAY&#8221; _builder_version=&#8221;4.23&#8243; _module_preset=&#8221;default&#8221; global_colors_info=&#8221;{}&#8221;][\/et_pb_video][et_pb_text _builder_version=&#8221;4.23&#8243; _module_preset=&#8221;default&#8221; global_colors_info=&#8221;{}&#8221;]<\/p>\n<p>Monocam\u00e9ra | Prises de vue simultan\u00e9es | Budget \u20ac<\/p>\n<p>[\/et_pb_text][\/et_pb_column][et_pb_column type=&#8221;1_2&#8243; _builder_version=&#8221;4.23&#8243; _module_preset=&#8221;default&#8221; global_colors_info=&#8221;{}&#8221;][et_pb_text _builder_version=&#8221;4.23&#8243; _module_preset=&#8221;default&#8221; header_3_font=&#8221;Montserrat|||on|||||&#8221; header_3_text_align=&#8221;center&#8221; header_3_text_color=&#8221;#FFFFFF&#8221; header_3_font_size=&#8221;25px&#8221; global_colors_info=&#8221;{}&#8221;]<\/p>\n<h3>Resiliencia<\/h3>\n<p>[\/et_pb_text][et_pb_video src=&#8221;https:\/\/youtu.be\/6Cjf2PzKge0&#8243; image_src=&#8221;\/\/i.ytimg.com\/vi\/j-L-oV9vNjQ\/hqdefault.jpg&#8221; _builder_version=&#8221;4.23&#8243; _module_preset=&#8221;default&#8221; global_colors_info=&#8221;{}&#8221;][\/et_pb_video][et_pb_text _builder_version=&#8221;4.23&#8243; _module_preset=&#8221;default&#8221; header_3_font=&#8221;Montserrat|||on|||||&#8221; header_3_text_align=&#8221;center&#8221; header_3_text_color=&#8221;#FFFFFF&#8221; header_3_font_size=&#8221;25px&#8221; global_colors_info=&#8221;{}&#8221;]<\/p>\n<h3>bonne soir\u00e9e<\/h3>\n<p>[\/et_pb_text][et_pb_video src=&#8221;https:\/\/sittelleimage.studio\/wp-content\/uploads\/2023\/03\/extrait-bonne-soiree.mp4&#8243; image_src=&#8221;https:\/\/sittelleimage.studio\/wp-content\/uploads\/2023\/03\/bonne-soiree-miniature.png&#8221; _builder_version=&#8221;4.23&#8243; _module_preset=&#8221;default&#8221; global_colors_info=&#8221;{}&#8221;][\/et_pb_video][et_pb_text _builder_version=&#8221;4.23&#8243; _module_preset=&#8221;default&#8221; global_colors_info=&#8221;{}&#8221;]<\/p>\n<p>Multicam\u00e9ras | Budget \u20ac\u20ac<\/p>\n<p>[\/et_pb_text][\/et_pb_column][\/et_pb_row][et_pb_row _builder_version=&#8221;4.23&#8243; _module_preset=&#8221;default&#8221; column_structure=&#8221;1_3,2_3&#8243; hover_enabled=&#8221;0&#8243; sticky_enabled=&#8221;0&#8243;][et_pb_column _builder_version=&#8221;4.23&#8243; _module_preset=&#8221;default&#8221; type=&#8221;1_3&#8243;][et_pb_image src=&#8221;https:\/\/sittelleimage.studio\/wp-content\/uploads\/2024\/10\/Design-sans-titre.png&#8221; _builder_version=&#8221;4.23&#8243; _module_preset=&#8221;default&#8221; title_text=&#8221;Design sans titre&#8221; hover_enabled=&#8221;0&#8243; sticky_enabled=&#8221;0&#8243;][\/et_pb_image][\/et_pb_column][et_pb_column _builder_version=&#8221;4.23&#8243; _module_preset=&#8221;default&#8221; type=&#8221;2_3&#8243;][et_pb_text _builder_version=&#8221;4.23&#8243; _module_preset=&#8221;default&#8221; hover_enabled=&#8221;0&#8243; sticky_enabled=&#8221;0&#8243;]<\/p>\n<p>Sittelle Image se mobilise pour les instutitions de formation. Profitez d&#8217;une offre \u00e0 budget ma\u00eetris\u00e9 destin\u00e9e \u00e0 permettre\u00a0 aux \u00e9coles des arts du spectacle de valoriser leur travail.<\/p>\n<p>[\/et_pb_text][et_pb_video src=&#8221;https:\/\/youtu.be\/ebQU4z4A1sk&#8221; _builder_version=&#8221;4.23&#8243; _module_preset=&#8221;default&#8221;][\/et_pb_video][\/et_pb_column][\/et_pb_row][et_pb_row _builder_version=&#8221;4.23&#8243; _module_preset=&#8221;default&#8221;][et_pb_column _builder_version=&#8221;4.23&#8243; _module_preset=&#8221;default&#8221; type=&#8221;4_4&#8243;][\/et_pb_column][\/et_pb_row][\/et_pb_section][et_pb_section fb_built=&#8221;1&#8243; _builder_version=&#8221;4.23&#8243; _module_preset=&#8221;default&#8221; background_color=&#8221;#101010&#8243; use_background_color_gradient=&#8221;on&#8221; background_color_gradient_stops=&#8221;#000000 0%|#101010 100%&#8221; custom_padding=&#8221;||54px|||&#8221; global_module=&#8221;250&#8243; saved_tabs=&#8221;all&#8221; global_colors_info=&#8221;{}&#8221;][et_pb_row column_structure=&#8221;1_3,1_3,1_3&#8243; _builder_version=&#8221;4.23&#8243; _module_preset=&#8221;default&#8221; global_colors_info=&#8221;{}&#8221;][et_pb_column type=&#8221;1_3&#8243; _builder_version=&#8221;4.23&#8243; _module_preset=&#8221;default&#8221; global_colors_info=&#8221;{}&#8221;][et_pb_image src=&#8221;https:\/\/sittelleimage.studio\/wp-content\/uploads\/2023\/01\/logo-.png&#8221; title_text=&#8221;logo-sittelle-image-blanc&#8221; _builder_version=&#8221;4.23&#8243; _module_preset=&#8221;default&#8221; global_colors_info=&#8221;{}&#8221;][\/et_pb_image][\/et_pb_column][et_pb_column type=&#8221;1_3&#8243; _builder_version=&#8221;4.23&#8243; _module_preset=&#8221;default&#8221; global_colors_info=&#8221;{}&#8221;][\/et_pb_column][et_pb_column type=&#8221;1_3&#8243; _builder_version=&#8221;4.23&#8243; _module_preset=&#8221;default&#8221; global_colors_info=&#8221;{}&#8221;][et_pb_text _builder_version=&#8221;4.23&#8243; _module_preset=&#8221;default&#8221; text_font=&#8221;Montserrat||||||||&#8221; text_text_color=&#8221;#FFFFFF&#8221; text_font_size=&#8221;20px&#8221; text_orientation=&#8221;center&#8221; global_colors_info=&#8221;{}&#8221;]<\/p>\n<p>Suivez-nous<\/p>\n<p>[\/et_pb_text][et_pb_social_media_follow _builder_version=&#8221;4.23&#8243; _module_preset=&#8221;default&#8221; text_orientation=&#8221;center&#8221; width_last_edited=&#8221;off|desktop&#8221; global_colors_info=&#8221;{}&#8221;][et_pb_social_media_follow_network social_network=&#8221;facebook&#8221; url=&#8221;https:\/\/www.facebook.com\/profile.php?id=100094759345914&#038;locale=fr_FR&#8221; use_icon_font_size=&#8221;on&#8221; icon_font_size=&#8221;27px&#8221; _builder_version=&#8221;4.23&#8243; _module_preset=&#8221;default&#8221; background_color=&#8221;#3b5998&#8243; global_colors_info=&#8221;{}&#8221; follow_button=&#8221;off&#8221; url_new_window=&#8221;on&#8221;]facebook[\/et_pb_social_media_follow_network][et_pb_social_media_follow_network social_network=&#8221;instagram&#8221; url=&#8221;https:\/\/www.instagram.com\/marie.agier.39\/?utm_source=ig_web_button_share_sheet&#038;igshid=OGQ5ZDc2ODk2ZA==&#8221; use_icon_font_size=&#8221;on&#8221; icon_font_size=&#8221;27px&#8221; _builder_version=&#8221;4.23&#8243; _module_preset=&#8221;default&#8221; background_color=&#8221;#ea2c59&#8243; global_colors_info=&#8221;{}&#8221; follow_button=&#8221;off&#8221; url_new_window=&#8221;on&#8221;]instagram[\/et_pb_social_media_follow_network][\/et_pb_social_media_follow][\/et_pb_column][\/et_pb_row][et_pb_row _builder_version=&#8221;4.23&#8243; _module_preset=&#8221;default&#8221; global_colors_info=&#8221;{}&#8221;][et_pb_column type=&#8221;4_4&#8243; _builder_version=&#8221;4.23&#8243; _module_preset=&#8221;default&#8221; global_colors_info=&#8221;{}&#8221;][et_pb_text _builder_version=&#8221;4.23&#8243; _module_preset=&#8221;default&#8221; text_text_color=&#8221;#FFFFFF&#8221; text_orientation=&#8221;center&#8221; global_colors_info=&#8221;{}&#8221;]<\/p>\n<p>sitelleimage 2023 \/\u00a0<a href=\"https:\/\/sittelleimage.studio\/index.php\/mentions-legales\/\">mentions l\u00e9gales<\/a><\/p>\n<p>[\/et_pb_text][\/et_pb_column][\/et_pb_row][\/et_pb_section]<\/p>\n","protected":false},"excerpt":{"rendered":"<p>PORTE-FOLIO CaptationsMass LessMulticam\u00e9ras | Cam\u00e9ra volante | Budget \u20ac\u20ac\u20acTechnion FranceMonocam\u00e9ra | Prises de vue simultan\u00e9es | Budget \u20acResilienciabonne soir\u00e9eMulticam\u00e9ras | Budget \u20ac\u20acSittelle Image se mobilise pour les instutitions de formation. Profitez d&#8217;une offre \u00e0 budget ma\u00eetris\u00e9 destin\u00e9e \u00e0 permettre\u00a0 aux \u00e9coles des arts du spectacle de valoriser leur travail.Suivez-noussitelleimage 2023 \/\u00a0mentions l\u00e9gales<\/p>\n","protected":false},"author":1,"featured_media":0,"parent":0,"menu_order":0,"comment_status":"closed","ping_status":"closed","template":"","meta":{"_et_pb_use_builder":"on","_et_pb_old_content":"","_et_gb_content_width":"","_monsterinsights_skip_tracking":false,"_monsterinsights_sitenote_active":false,"_monsterinsights_sitenote_note":"","_monsterinsights_sitenote_category":0,"footnotes":""},"class_list":["post-210","page","type-page","status-publish","hentry"],"yoast_head":"<!-- This site is optimized with the Yoast SEO plugin v25.4 - https:\/\/yoast.com\/wordpress\/plugins\/seo\/ -->\n<title>Spectacles de danse - Sittelle Image<\/title>\n<meta name=\"description\" content=\"Entreprise de communication vid\u00e9o, sp\u00e9cialis\u00e9e dans le storytelling publicitaire, bas\u00e9e \u00e0 Lyon. Captation vid\u00e9o, r\u00e9alisation de films et reportages photographique. Forg\u00e9e par son esth\u00e9tique ancr\u00e9e dans le cin\u00e9ma du r\u00e9el, Sittelle Image est votre partenaire id\u00e9al pour des projets cin\u00e9matographiques empreints de finesse et d&#039;authenticit\u00e9.\" \/>\n<meta name=\"robots\" content=\"index, follow, max-snippet:-1, max-image-preview:large, max-video-preview:-1\" \/>\n<link rel=\"canonical\" href=\"https:\/\/sittelleimage.studio\/index.php\/danse-audiovisuelles-publicitaires-video-photo-spectacle\/\" \/>\n<meta property=\"og:locale\" content=\"en_US\" \/>\n<meta property=\"og:type\" content=\"article\" \/>\n<meta property=\"og:title\" content=\"Spectacles de danse - Sittelle Image\" \/>\n<meta property=\"og:description\" content=\"Entreprise de communication vid\u00e9o, sp\u00e9cialis\u00e9e dans le storytelling publicitaire, bas\u00e9e \u00e0 Lyon. Captation vid\u00e9o, r\u00e9alisation de films et reportages photographique. Forg\u00e9e par son esth\u00e9tique ancr\u00e9e dans le cin\u00e9ma du r\u00e9el, Sittelle Image est votre partenaire id\u00e9al pour des projets cin\u00e9matographiques empreints de finesse et d&#039;authenticit\u00e9.\" \/>\n<meta property=\"og:url\" content=\"https:\/\/sittelleimage.studio\/index.php\/danse-audiovisuelles-publicitaires-video-photo-spectacle\/\" \/>\n<meta property=\"og:site_name\" content=\"Sittelle Image\" \/>\n<meta property=\"article:publisher\" content=\"https:\/\/www.facebook.com\/profile.php?id=100094759345914\" \/>\n<meta property=\"article:modified_time\" content=\"2025-07-09T14:49:19+00:00\" \/>\n<meta name=\"twitter:card\" content=\"summary_large_image\" \/>\n<meta name=\"twitter:label1\" content=\"Est. reading time\" \/>\n\t<meta name=\"twitter:data1\" content=\"1 minute\" \/>\n<script type=\"application\/ld+json\" class=\"yoast-schema-graph\">{\"@context\":\"https:\/\/schema.org\",\"@graph\":[{\"@type\":\"WebPage\",\"@id\":\"https:\/\/sittelleimage.studio\/index.php\/danse-audiovisuelles-publicitaires-video-photo-spectacle\/\",\"url\":\"https:\/\/sittelleimage.studio\/index.php\/danse-audiovisuelles-publicitaires-video-photo-spectacle\/\",\"name\":\"Spectacles de danse - Sittelle Image\",\"isPartOf\":{\"@id\":\"https:\/\/sittelleimage.studio\/#website\"},\"datePublished\":\"2023-11-15T07:56:27+00:00\",\"dateModified\":\"2025-07-09T14:49:19+00:00\",\"description\":\"Entreprise de communication vid\u00e9o, sp\u00e9cialis\u00e9e dans le storytelling publicitaire, bas\u00e9e \u00e0 Lyon. Captation vid\u00e9o, r\u00e9alisation de films et reportages photographique. Forg\u00e9e par son esth\u00e9tique ancr\u00e9e dans le cin\u00e9ma du r\u00e9el, Sittelle Image est votre partenaire id\u00e9al pour des projets cin\u00e9matographiques empreints de finesse et d'authenticit\u00e9.\",\"breadcrumb\":{\"@id\":\"https:\/\/sittelleimage.studio\/index.php\/danse-audiovisuelles-publicitaires-video-photo-spectacle\/#breadcrumb\"},\"inLanguage\":\"en-US\",\"potentialAction\":[{\"@type\":\"ReadAction\",\"target\":[\"https:\/\/sittelleimage.studio\/index.php\/danse-audiovisuelles-publicitaires-video-photo-spectacle\/\"]}]},{\"@type\":\"BreadcrumbList\",\"@id\":\"https:\/\/sittelleimage.studio\/index.php\/danse-audiovisuelles-publicitaires-video-photo-spectacle\/#breadcrumb\",\"itemListElement\":[{\"@type\":\"ListItem\",\"position\":1,\"name\":\"Accueil\",\"item\":\"https:\/\/sittelleimage.studio\/\"},{\"@type\":\"ListItem\",\"position\":2,\"name\":\"Spectacles de danse\"}]},{\"@type\":\"WebSite\",\"@id\":\"https:\/\/sittelleimage.studio\/#website\",\"url\":\"https:\/\/sittelleimage.studio\/\",\"name\":\"Sittelle Image\",\"description\":\"Captation, r\u00e9alisation, cr\u00e9ation vid\u00e9o \u00e0 Lyon. Sittelle Image, entreprise de communication audiovisuelle et sp\u00e9cialis\u00e9e dans le story telling\",\"publisher\":{\"@id\":\"https:\/\/sittelleimage.studio\/#organization\"},\"potentialAction\":[{\"@type\":\"SearchAction\",\"target\":{\"@type\":\"EntryPoint\",\"urlTemplate\":\"https:\/\/sittelleimage.studio\/?s={search_term_string}\"},\"query-input\":{\"@type\":\"PropertyValueSpecification\",\"valueRequired\":true,\"valueName\":\"search_term_string\"}}],\"inLanguage\":\"en-US\"},{\"@type\":\"Organization\",\"@id\":\"https:\/\/sittelleimage.studio\/#organization\",\"name\":\"Sittelle Image\",\"url\":\"https:\/\/sittelleimage.studio\/\",\"logo\":{\"@type\":\"ImageObject\",\"inLanguage\":\"en-US\",\"@id\":\"https:\/\/sittelleimage.studio\/#\/schema\/logo\/image\/\",\"url\":\"https:\/\/sittelleimage.studio\/wp-content\/uploads\/2023\/12\/Sans-titre.png\",\"contentUrl\":\"https:\/\/sittelleimage.studio\/wp-content\/uploads\/2023\/12\/Sans-titre.png\",\"width\":1115,\"height\":833,\"caption\":\"Sittelle Image\"},\"image\":{\"@id\":\"https:\/\/sittelleimage.studio\/#\/schema\/logo\/image\/\"},\"sameAs\":[\"https:\/\/www.facebook.com\/profile.php?id=100094759345914\",\"https:\/\/www.instagram.com\/sittelle_image_studio\/\"]}]}<\/script>\n<!-- \/ Yoast SEO plugin. -->","yoast_head_json":{"title":"Spectacles de danse - Sittelle Image","description":"Entreprise de communication vid\u00e9o, sp\u00e9cialis\u00e9e dans le storytelling publicitaire, bas\u00e9e \u00e0 Lyon. Captation vid\u00e9o, r\u00e9alisation de films et reportages photographique. Forg\u00e9e par son esth\u00e9tique ancr\u00e9e dans le cin\u00e9ma du r\u00e9el, Sittelle Image est votre partenaire id\u00e9al pour des projets cin\u00e9matographiques empreints de finesse et d'authenticit\u00e9.","robots":{"index":"index","follow":"follow","max-snippet":"max-snippet:-1","max-image-preview":"max-image-preview:large","max-video-preview":"max-video-preview:-1"},"canonical":"https:\/\/sittelleimage.studio\/index.php\/danse-audiovisuelles-publicitaires-video-photo-spectacle\/","og_locale":"en_US","og_type":"article","og_title":"Spectacles de danse - Sittelle Image","og_description":"Entreprise de communication vid\u00e9o, sp\u00e9cialis\u00e9e dans le storytelling publicitaire, bas\u00e9e \u00e0 Lyon. Captation vid\u00e9o, r\u00e9alisation de films et reportages photographique. Forg\u00e9e par son esth\u00e9tique ancr\u00e9e dans le cin\u00e9ma du r\u00e9el, Sittelle Image est votre partenaire id\u00e9al pour des projets cin\u00e9matographiques empreints de finesse et d'authenticit\u00e9.","og_url":"https:\/\/sittelleimage.studio\/index.php\/danse-audiovisuelles-publicitaires-video-photo-spectacle\/","og_site_name":"Sittelle Image","article_publisher":"https:\/\/www.facebook.com\/profile.php?id=100094759345914","article_modified_time":"2025-07-09T14:49:19+00:00","twitter_card":"summary_large_image","twitter_misc":{"Est. reading time":"1 minute"},"schema":{"@context":"https:\/\/schema.org","@graph":[{"@type":"WebPage","@id":"https:\/\/sittelleimage.studio\/index.php\/danse-audiovisuelles-publicitaires-video-photo-spectacle\/","url":"https:\/\/sittelleimage.studio\/index.php\/danse-audiovisuelles-publicitaires-video-photo-spectacle\/","name":"Spectacles de danse - Sittelle Image","isPartOf":{"@id":"https:\/\/sittelleimage.studio\/#website"},"datePublished":"2023-11-15T07:56:27+00:00","dateModified":"2025-07-09T14:49:19+00:00","description":"Entreprise de communication vid\u00e9o, sp\u00e9cialis\u00e9e dans le storytelling publicitaire, bas\u00e9e \u00e0 Lyon. Captation vid\u00e9o, r\u00e9alisation de films et reportages photographique. Forg\u00e9e par son esth\u00e9tique ancr\u00e9e dans le cin\u00e9ma du r\u00e9el, Sittelle Image est votre partenaire id\u00e9al pour des projets cin\u00e9matographiques empreints de finesse et d'authenticit\u00e9.","breadcrumb":{"@id":"https:\/\/sittelleimage.studio\/index.php\/danse-audiovisuelles-publicitaires-video-photo-spectacle\/#breadcrumb"},"inLanguage":"en-US","potentialAction":[{"@type":"ReadAction","target":["https:\/\/sittelleimage.studio\/index.php\/danse-audiovisuelles-publicitaires-video-photo-spectacle\/"]}]},{"@type":"BreadcrumbList","@id":"https:\/\/sittelleimage.studio\/index.php\/danse-audiovisuelles-publicitaires-video-photo-spectacle\/#breadcrumb","itemListElement":[{"@type":"ListItem","position":1,"name":"Accueil","item":"https:\/\/sittelleimage.studio\/"},{"@type":"ListItem","position":2,"name":"Spectacles de danse"}]},{"@type":"WebSite","@id":"https:\/\/sittelleimage.studio\/#website","url":"https:\/\/sittelleimage.studio\/","name":"Sittelle Image","description":"Captation, r\u00e9alisation, cr\u00e9ation vid\u00e9o \u00e0 Lyon. Sittelle Image, entreprise de communication audiovisuelle et sp\u00e9cialis\u00e9e dans le story telling","publisher":{"@id":"https:\/\/sittelleimage.studio\/#organization"},"potentialAction":[{"@type":"SearchAction","target":{"@type":"EntryPoint","urlTemplate":"https:\/\/sittelleimage.studio\/?s={search_term_string}"},"query-input":{"@type":"PropertyValueSpecification","valueRequired":true,"valueName":"search_term_string"}}],"inLanguage":"en-US"},{"@type":"Organization","@id":"https:\/\/sittelleimage.studio\/#organization","name":"Sittelle Image","url":"https:\/\/sittelleimage.studio\/","logo":{"@type":"ImageObject","inLanguage":"en-US","@id":"https:\/\/sittelleimage.studio\/#\/schema\/logo\/image\/","url":"https:\/\/sittelleimage.studio\/wp-content\/uploads\/2023\/12\/Sans-titre.png","contentUrl":"https:\/\/sittelleimage.studio\/wp-content\/uploads\/2023\/12\/Sans-titre.png","width":1115,"height":833,"caption":"Sittelle Image"},"image":{"@id":"https:\/\/sittelleimage.studio\/#\/schema\/logo\/image\/"},"sameAs":["https:\/\/www.facebook.com\/profile.php?id=100094759345914","https:\/\/www.instagram.com\/sittelle_image_studio\/"]}]}},"_links":{"self":[{"href":"https:\/\/sittelleimage.studio\/index.php\/wp-json\/wp\/v2\/pages\/210"}],"collection":[{"href":"https:\/\/sittelleimage.studio\/index.php\/wp-json\/wp\/v2\/pages"}],"about":[{"href":"https:\/\/sittelleimage.studio\/index.php\/wp-json\/wp\/v2\/types\/page"}],"author":[{"embeddable":true,"href":"https:\/\/sittelleimage.studio\/index.php\/wp-json\/wp\/v2\/users\/1"}],"replies":[{"embeddable":true,"href":"https:\/\/sittelleimage.studio\/index.php\/wp-json\/wp\/v2\/comments?post=210"}],"version-history":[{"count":19,"href":"https:\/\/sittelleimage.studio\/index.php\/wp-json\/wp\/v2\/pages\/210\/revisions"}],"predecessor-version":[{"id":495,"href":"https:\/\/sittelleimage.studio\/index.php\/wp-json\/wp\/v2\/pages\/210\/revisions\/495"}],"wp:attachment":[{"href":"https:\/\/sittelleimage.studio\/index.php\/wp-json\/wp\/v2\/media?parent=210"}],"curies":[{"name":"wp","href":"https:\/\/api.w.org\/{rel}","templated":true}]}}