{"id":214,"date":"2023-11-15T08:57:54","date_gmt":"2023-11-15T07:57:54","guid":{"rendered":"https:\/\/sittelleimage.studio\/?page_id=214"},"modified":"2025-06-18T10:01:16","modified_gmt":"2025-06-18T08:01:16","slug":"reportages","status":"publish","type":"page","link":"https:\/\/sittelleimage.studio\/index.php\/reportages\/","title":{"rendered":"Reportages vid\u00e9o"},"content":{"rendered":"<p>[et_pb_section fb_built=&#8221;1&#8243; inner_shadow=&#8221;on&#8221; _builder_version=&#8221;4.23&#8243; _module_preset=&#8221;default&#8221; background_color=&#8221;#000000&#8243; global_colors_info=&#8221;{}&#8221;][et_pb_row _builder_version=&#8221;4.23&#8243; _module_preset=&#8221;default&#8221; global_colors_info=&#8221;{}&#8221;][et_pb_column type=&#8221;4_4&#8243; _builder_version=&#8221;4.23&#8243; _module_preset=&#8221;default&#8221; global_colors_info=&#8221;{}&#8221;][et_pb_text _builder_version=&#8221;4.23&#8243; _module_preset=&#8221;default&#8221; header_2_font=&#8221;Montserrat||||||||&#8221; header_2_text_color=&#8221;#FFFFFF&#8221; global_colors_info=&#8221;{}&#8221;]<\/p>\n<h2><strong>PORTE-FOLIO<\/strong><\/h2>\n<h2>Reportage<\/h2>\n<p>[\/et_pb_text][\/et_pb_column][\/et_pb_row][et_pb_row _builder_version=&#8221;4.23&#8243; _module_preset=&#8221;default&#8221; global_colors_info=&#8221;{}&#8221;][et_pb_column type=&#8221;4_4&#8243; _builder_version=&#8221;4.23&#8243; _module_preset=&#8221;default&#8221; global_colors_info=&#8221;{}&#8221;][et_pb_video src=&#8221;https:\/\/youtu.be\/rvhz-Gq60Vo&#8221; image_src=&#8221;https:\/\/sittelleimage.studio\/wp-content\/uploads\/2023\/11\/couverture.png&#8221; _builder_version=&#8221;4.23&#8243; _module_preset=&#8221;default&#8221; global_colors_info=&#8221;{}&#8221;][\/et_pb_video][et_pb_text _builder_version=&#8221;4.23&#8243; _module_preset=&#8221;default&#8221; header_3_font=&#8221;Montserrat|||on|||||&#8221; header_3_text_align=&#8221;center&#8221; header_3_text_color=&#8221;#FFFFFF&#8221; header_3_font_size=&#8221;25px&#8221; global_colors_info=&#8221;{}&#8221;]<\/p>\n<h3>Un homme n&#8217;est pas rivi\u00e8re<\/h3>\n<p>[\/et_pb_text][et_pb_video src=&#8221;https:\/\/www.youtube.com\/watch?v=fT2cxpbs4KM&#8221; _builder_version=&#8221;4.23&#8243; _module_preset=&#8221;default&#8221; hover_enabled=&#8221;0&#8243; sticky_enabled=&#8221;0&#8243;][\/et_pb_video][et_pb_text _builder_version=&#8221;4.23&#8243; _module_preset=&#8221;default&#8221; header_3_font=&#8221;Montserrat|||on|||||&#8221; header_3_text_align=&#8221;center&#8221; header_3_text_color=&#8221;#FFFFFF&#8221; header_3_font_size=&#8221;25px&#8221; hover_enabled=&#8221;0&#8243; global_colors_info=&#8221;{}&#8221; sticky_enabled=&#8221;0&#8243;]<\/p>\n<h3>Dons Solidaires<\/h3>\n<p>[\/et_pb_text][\/et_pb_column][\/et_pb_row][\/et_pb_section][et_pb_section fb_built=&#8221;1&#8243; _builder_version=&#8221;4.23&#8243; _module_preset=&#8221;default&#8221; background_color=&#8221;#101010&#8243; use_background_color_gradient=&#8221;on&#8221; background_color_gradient_stops=&#8221;#000000 0%|#101010 100%&#8221; custom_padding=&#8221;||54px|||&#8221; global_module=&#8221;250&#8243; saved_tabs=&#8221;all&#8221; global_colors_info=&#8221;{}&#8221;][et_pb_row column_structure=&#8221;1_3,1_3,1_3&#8243; _builder_version=&#8221;4.23&#8243; _module_preset=&#8221;default&#8221; global_colors_info=&#8221;{}&#8221;][et_pb_column type=&#8221;1_3&#8243; _builder_version=&#8221;4.23&#8243; _module_preset=&#8221;default&#8221; global_colors_info=&#8221;{}&#8221;][et_pb_image src=&#8221;https:\/\/sittelleimage.studio\/wp-content\/uploads\/2023\/01\/logo-.png&#8221; title_text=&#8221;logo-sittelle-image-blanc&#8221; _builder_version=&#8221;4.23&#8243; _module_preset=&#8221;default&#8221; global_colors_info=&#8221;{}&#8221;][\/et_pb_image][\/et_pb_column][et_pb_column type=&#8221;1_3&#8243; _builder_version=&#8221;4.23&#8243; _module_preset=&#8221;default&#8221; global_colors_info=&#8221;{}&#8221;][\/et_pb_column][et_pb_column type=&#8221;1_3&#8243; _builder_version=&#8221;4.23&#8243; _module_preset=&#8221;default&#8221; global_colors_info=&#8221;{}&#8221;][et_pb_text _builder_version=&#8221;4.23&#8243; _module_preset=&#8221;default&#8221; text_font=&#8221;Montserrat||||||||&#8221; text_text_color=&#8221;#FFFFFF&#8221; text_font_size=&#8221;20px&#8221; text_orientation=&#8221;center&#8221; hover_enabled=&#8221;0&#8243; global_colors_info=&#8221;{}&#8221; sticky_enabled=&#8221;0&#8243;]<\/p>\n<p>Suivez-nous<\/p>\n<p>[\/et_pb_text][et_pb_social_media_follow _builder_version=&#8221;4.23&#8243; _module_preset=&#8221;default&#8221; text_orientation=&#8221;center&#8221; width_last_edited=&#8221;off|desktop&#8221; global_colors_info=&#8221;{}&#8221;][et_pb_social_media_follow_network social_network=&#8221;facebook&#8221; url=&#8221;https:\/\/www.facebook.com\/profile.php?id=100094759345914&#038;locale=fr_FR&#8221; use_icon_font_size=&#8221;on&#8221; icon_font_size=&#8221;27px&#8221; _builder_version=&#8221;4.23&#8243; _module_preset=&#8221;default&#8221; background_color=&#8221;#3b5998&#8243; global_colors_info=&#8221;{}&#8221; follow_button=&#8221;off&#8221; url_new_window=&#8221;on&#8221;]facebook[\/et_pb_social_media_follow_network][et_pb_social_media_follow_network social_network=&#8221;instagram&#8221; url=&#8221;https:\/\/www.instagram.com\/marie.agier.39\/?utm_source=ig_web_button_share_sheet&#038;igshid=OGQ5ZDc2ODk2ZA==&#8221; use_icon_font_size=&#8221;on&#8221; icon_font_size=&#8221;27px&#8221; _builder_version=&#8221;4.23&#8243; _module_preset=&#8221;default&#8221; background_color=&#8221;#ea2c59&#8243; global_colors_info=&#8221;{}&#8221; follow_button=&#8221;off&#8221; url_new_window=&#8221;on&#8221;]instagram[\/et_pb_social_media_follow_network][\/et_pb_social_media_follow][\/et_pb_column][\/et_pb_row][et_pb_row _builder_version=&#8221;4.23&#8243; _module_preset=&#8221;default&#8221; global_colors_info=&#8221;{}&#8221;][et_pb_column type=&#8221;4_4&#8243; _builder_version=&#8221;4.23&#8243; _module_preset=&#8221;default&#8221; global_colors_info=&#8221;{}&#8221;][et_pb_text _builder_version=&#8221;4.23&#8243; _module_preset=&#8221;default&#8221; text_text_color=&#8221;#FFFFFF&#8221; text_orientation=&#8221;center&#8221; global_colors_info=&#8221;{}&#8221;]<\/p>\n<p>sitelleimage 2023 \/\u00a0<a href=\"https:\/\/sittelleimage.studio\/index.php\/mentions-legales\/\">mentions l\u00e9gales<\/a><\/p>\n<p>[\/et_pb_text][\/et_pb_column][\/et_pb_row][\/et_pb_section]<\/p>\n","protected":false},"excerpt":{"rendered":"<p>PORTE-FOLIO ReportageUn homme n&#8217;est pas rivi\u00e8reDons SolidairesSuivez-noussitelleimage 2023 \/\u00a0mentions l\u00e9gales<\/p>\n","protected":false},"author":1,"featured_media":445,"parent":0,"menu_order":0,"comment_status":"closed","ping_status":"closed","template":"","meta":{"_et_pb_use_builder":"on","_et_pb_old_content":"","_et_gb_content_width":"","_monsterinsights_skip_tracking":false,"_monsterinsights_sitenote_active":false,"_monsterinsights_sitenote_note":"","_monsterinsights_sitenote_category":0,"footnotes":""},"class_list":["post-214","page","type-page","status-publish","has-post-thumbnail","hentry"],"yoast_head":"<!-- This site is optimized with the Yoast SEO plugin v25.4 - https:\/\/yoast.com\/wordpress\/plugins\/seo\/ -->\n<title>Reportages vid\u00e9o - Sittelle Image<\/title>\n<meta name=\"robots\" content=\"index, follow, max-snippet:-1, max-image-preview:large, max-video-preview:-1\" \/>\n<link rel=\"canonical\" href=\"https:\/\/sittelleimage.studio\/index.php\/reportages\/\" \/>\n<meta property=\"og:locale\" content=\"en_US\" \/>\n<meta property=\"og:type\" content=\"article\" \/>\n<meta property=\"og:title\" content=\"Reportages vid\u00e9o - Sittelle Image\" \/>\n<meta property=\"og:description\" content=\"PORTE-FOLIO ReportageUn homme n&#039;est pas rivi\u00e8reDons SolidairesSuivez-noussitelleimage 2023 \/\u00a0mentions l\u00e9gales\" \/>\n<meta property=\"og:url\" content=\"https:\/\/sittelleimage.studio\/index.php\/reportages\/\" \/>\n<meta property=\"og:site_name\" content=\"Sittelle Image\" \/>\n<meta property=\"article:publisher\" content=\"https:\/\/www.facebook.com\/profile.php?id=100094759345914\" \/>\n<meta property=\"article:modified_time\" content=\"2025-06-18T08:01:16+00:00\" \/>\n<meta property=\"og:image\" content=\"https:\/\/sittelleimage.studio\/wp-content\/uploads\/2024\/10\/DSC07789-scaled.jpg\" \/>\n\t<meta property=\"og:image:width\" content=\"2560\" \/>\n\t<meta property=\"og:image:height\" content=\"1706\" \/>\n\t<meta property=\"og:image:type\" content=\"image\/jpeg\" \/>\n<meta name=\"twitter:card\" content=\"summary_large_image\" \/>\n<script type=\"application\/ld+json\" class=\"yoast-schema-graph\">{\"@context\":\"https:\/\/schema.org\",\"@graph\":[{\"@type\":\"WebPage\",\"@id\":\"https:\/\/sittelleimage.studio\/index.php\/reportages\/\",\"url\":\"https:\/\/sittelleimage.studio\/index.php\/reportages\/\",\"name\":\"Reportages vid\u00e9o - Sittelle Image\",\"isPartOf\":{\"@id\":\"https:\/\/sittelleimage.studio\/#website\"},\"primaryImageOfPage\":{\"@id\":\"https:\/\/sittelleimage.studio\/index.php\/reportages\/#primaryimage\"},\"image\":{\"@id\":\"https:\/\/sittelleimage.studio\/index.php\/reportages\/#primaryimage\"},\"thumbnailUrl\":\"https:\/\/sittelleimage.studio\/wp-content\/uploads\/2024\/10\/DSC07789-scaled.jpg\",\"datePublished\":\"2023-11-15T07:57:54+00:00\",\"dateModified\":\"2025-06-18T08:01:16+00:00\",\"breadcrumb\":{\"@id\":\"https:\/\/sittelleimage.studio\/index.php\/reportages\/#breadcrumb\"},\"inLanguage\":\"en-US\",\"potentialAction\":[{\"@type\":\"ReadAction\",\"target\":[\"https:\/\/sittelleimage.studio\/index.php\/reportages\/\"]}]},{\"@type\":\"ImageObject\",\"inLanguage\":\"en-US\",\"@id\":\"https:\/\/sittelleimage.studio\/index.php\/reportages\/#primaryimage\",\"url\":\"https:\/\/sittelleimage.studio\/wp-content\/uploads\/2024\/10\/DSC07789-scaled.jpg\",\"contentUrl\":\"https:\/\/sittelleimage.studio\/wp-content\/uploads\/2024\/10\/DSC07789-scaled.jpg\",\"width\":2560,\"height\":1706},{\"@type\":\"BreadcrumbList\",\"@id\":\"https:\/\/sittelleimage.studio\/index.php\/reportages\/#breadcrumb\",\"itemListElement\":[{\"@type\":\"ListItem\",\"position\":1,\"name\":\"Accueil\",\"item\":\"https:\/\/sittelleimage.studio\/\"},{\"@type\":\"ListItem\",\"position\":2,\"name\":\"Reportages vid\u00e9o\"}]},{\"@type\":\"WebSite\",\"@id\":\"https:\/\/sittelleimage.studio\/#website\",\"url\":\"https:\/\/sittelleimage.studio\/\",\"name\":\"Sittelle Image\",\"description\":\"Captation, r\u00e9alisation, cr\u00e9ation vid\u00e9o \u00e0 Lyon. Sittelle Image, entreprise de communication audiovisuelle et sp\u00e9cialis\u00e9e dans le story telling\",\"publisher\":{\"@id\":\"https:\/\/sittelleimage.studio\/#organization\"},\"potentialAction\":[{\"@type\":\"SearchAction\",\"target\":{\"@type\":\"EntryPoint\",\"urlTemplate\":\"https:\/\/sittelleimage.studio\/?s={search_term_string}\"},\"query-input\":{\"@type\":\"PropertyValueSpecification\",\"valueRequired\":true,\"valueName\":\"search_term_string\"}}],\"inLanguage\":\"en-US\"},{\"@type\":\"Organization\",\"@id\":\"https:\/\/sittelleimage.studio\/#organization\",\"name\":\"Sittelle Image\",\"url\":\"https:\/\/sittelleimage.studio\/\",\"logo\":{\"@type\":\"ImageObject\",\"inLanguage\":\"en-US\",\"@id\":\"https:\/\/sittelleimage.studio\/#\/schema\/logo\/image\/\",\"url\":\"https:\/\/sittelleimage.studio\/wp-content\/uploads\/2023\/12\/Sans-titre.png\",\"contentUrl\":\"https:\/\/sittelleimage.studio\/wp-content\/uploads\/2023\/12\/Sans-titre.png\",\"width\":1115,\"height\":833,\"caption\":\"Sittelle Image\"},\"image\":{\"@id\":\"https:\/\/sittelleimage.studio\/#\/schema\/logo\/image\/\"},\"sameAs\":[\"https:\/\/www.facebook.com\/profile.php?id=100094759345914\",\"https:\/\/www.instagram.com\/sittelle_image_studio\/\"]}]}<\/script>\n<!-- \/ Yoast SEO plugin. -->","yoast_head_json":{"title":"Reportages vid\u00e9o - Sittelle Image","robots":{"index":"index","follow":"follow","max-snippet":"max-snippet:-1","max-image-preview":"max-image-preview:large","max-video-preview":"max-video-preview:-1"},"canonical":"https:\/\/sittelleimage.studio\/index.php\/reportages\/","og_locale":"en_US","og_type":"article","og_title":"Reportages vid\u00e9o - Sittelle Image","og_description":"PORTE-FOLIO ReportageUn homme n'est pas rivi\u00e8reDons SolidairesSuivez-noussitelleimage 2023 \/\u00a0mentions l\u00e9gales","og_url":"https:\/\/sittelleimage.studio\/index.php\/reportages\/","og_site_name":"Sittelle Image","article_publisher":"https:\/\/www.facebook.com\/profile.php?id=100094759345914","article_modified_time":"2025-06-18T08:01:16+00:00","og_image":[{"width":2560,"height":1706,"url":"https:\/\/sittelleimage.studio\/wp-content\/uploads\/2024\/10\/DSC07789-scaled.jpg","type":"image\/jpeg"}],"twitter_card":"summary_large_image","schema":{"@context":"https:\/\/schema.org","@graph":[{"@type":"WebPage","@id":"https:\/\/sittelleimage.studio\/index.php\/reportages\/","url":"https:\/\/sittelleimage.studio\/index.php\/reportages\/","name":"Reportages vid\u00e9o - Sittelle Image","isPartOf":{"@id":"https:\/\/sittelleimage.studio\/#website"},"primaryImageOfPage":{"@id":"https:\/\/sittelleimage.studio\/index.php\/reportages\/#primaryimage"},"image":{"@id":"https:\/\/sittelleimage.studio\/index.php\/reportages\/#primaryimage"},"thumbnailUrl":"https:\/\/sittelleimage.studio\/wp-content\/uploads\/2024\/10\/DSC07789-scaled.jpg","datePublished":"2023-11-15T07:57:54+00:00","dateModified":"2025-06-18T08:01:16+00:00","breadcrumb":{"@id":"https:\/\/sittelleimage.studio\/index.php\/reportages\/#breadcrumb"},"inLanguage":"en-US","potentialAction":[{"@type":"ReadAction","target":["https:\/\/sittelleimage.studio\/index.php\/reportages\/"]}]},{"@type":"ImageObject","inLanguage":"en-US","@id":"https:\/\/sittelleimage.studio\/index.php\/reportages\/#primaryimage","url":"https:\/\/sittelleimage.studio\/wp-content\/uploads\/2024\/10\/DSC07789-scaled.jpg","contentUrl":"https:\/\/sittelleimage.studio\/wp-content\/uploads\/2024\/10\/DSC07789-scaled.jpg","width":2560,"height":1706},{"@type":"BreadcrumbList","@id":"https:\/\/sittelleimage.studio\/index.php\/reportages\/#breadcrumb","itemListElement":[{"@type":"ListItem","position":1,"name":"Accueil","item":"https:\/\/sittelleimage.studio\/"},{"@type":"ListItem","position":2,"name":"Reportages vid\u00e9o"}]},{"@type":"WebSite","@id":"https:\/\/sittelleimage.studio\/#website","url":"https:\/\/sittelleimage.studio\/","name":"Sittelle Image","description":"Captation, r\u00e9alisation, cr\u00e9ation vid\u00e9o \u00e0 Lyon. Sittelle Image, entreprise de communication audiovisuelle et sp\u00e9cialis\u00e9e dans le story telling","publisher":{"@id":"https:\/\/sittelleimage.studio\/#organization"},"potentialAction":[{"@type":"SearchAction","target":{"@type":"EntryPoint","urlTemplate":"https:\/\/sittelleimage.studio\/?s={search_term_string}"},"query-input":{"@type":"PropertyValueSpecification","valueRequired":true,"valueName":"search_term_string"}}],"inLanguage":"en-US"},{"@type":"Organization","@id":"https:\/\/sittelleimage.studio\/#organization","name":"Sittelle Image","url":"https:\/\/sittelleimage.studio\/","logo":{"@type":"ImageObject","inLanguage":"en-US","@id":"https:\/\/sittelleimage.studio\/#\/schema\/logo\/image\/","url":"https:\/\/sittelleimage.studio\/wp-content\/uploads\/2023\/12\/Sans-titre.png","contentUrl":"https:\/\/sittelleimage.studio\/wp-content\/uploads\/2023\/12\/Sans-titre.png","width":1115,"height":833,"caption":"Sittelle Image"},"image":{"@id":"https:\/\/sittelleimage.studio\/#\/schema\/logo\/image\/"},"sameAs":["https:\/\/www.facebook.com\/profile.php?id=100094759345914","https:\/\/www.instagram.com\/sittelle_image_studio\/"]}]}},"_links":{"self":[{"href":"https:\/\/sittelleimage.studio\/index.php\/wp-json\/wp\/v2\/pages\/214"}],"collection":[{"href":"https:\/\/sittelleimage.studio\/index.php\/wp-json\/wp\/v2\/pages"}],"about":[{"href":"https:\/\/sittelleimage.studio\/index.php\/wp-json\/wp\/v2\/types\/page"}],"author":[{"embeddable":true,"href":"https:\/\/sittelleimage.studio\/index.php\/wp-json\/wp\/v2\/users\/1"}],"replies":[{"embeddable":true,"href":"https:\/\/sittelleimage.studio\/index.php\/wp-json\/wp\/v2\/comments?post=214"}],"version-history":[{"count":10,"href":"https:\/\/sittelleimage.studio\/index.php\/wp-json\/wp\/v2\/pages\/214\/revisions"}],"predecessor-version":[{"id":481,"href":"https:\/\/sittelleimage.studio\/index.php\/wp-json\/wp\/v2\/pages\/214\/revisions\/481"}],"wp:featuredmedia":[{"embeddable":true,"href":"https:\/\/sittelleimage.studio\/index.php\/wp-json\/wp\/v2\/media\/445"}],"wp:attachment":[{"href":"https:\/\/sittelleimage.studio\/index.php\/wp-json\/wp\/v2\/media?parent=214"}],"curies":[{"name":"wp","href":"https:\/\/api.w.org\/{rel}","templated":true}]}}