{"id":215,"date":"2023-11-15T08:57:46","date_gmt":"2023-11-15T07:57:46","guid":{"rendered":"https:\/\/sittelleimage.studio\/?page_id=215"},"modified":"2026-01-19T11:51:25","modified_gmt":"2026-01-19T10:51:25","slug":"blog","status":"publish","type":"page","link":"https:\/\/sittelleimage.studio\/index.php\/blog\/","title":{"rendered":"Reportages photo"},"content":{"rendered":"<p>[et_pb_section fb_built=&#8221;1&#8243; _builder_version=&#8221;4.16&#8243; global_colors_info=&#8221;{}&#8221;][et_pb_row _builder_version=&#8221;4.23&#8243; background_size=&#8221;initial&#8221; background_position=&#8221;top_left&#8221; background_repeat=&#8221;repeat&#8221; global_colors_info=&#8221;{}&#8221;][et_pb_column type=&#8221;4_4&#8243; _builder_version=&#8221;4.16&#8243; custom_padding=&#8221;|||&#8221; global_colors_info=&#8221;{}&#8221; custom_padding__hover=&#8221;|||&#8221;][et_pb_text _builder_version=&#8221;4.23&#8243; _module_preset=&#8221;default&#8221; global_colors_info=&#8221;{}&#8221;]<\/p>\n<p>Cette page met en vitrines quelques photo issues de mon catalogue. D\u00e9couvrez les th\u00e9matiques lifestyle, reportage, ou portraits.\u00a0<\/p>\n<p>[\/et_pb_text][et_pb_gallery gallery_ids=&#8221;408,406,407,444&#8243; show_title_and_caption=&#8221;off&#8221; show_pagination=&#8221;off&#8221; _builder_version=&#8221;4.23&#8243; _module_preset=&#8221;default&#8221; global_colors_info=&#8221;{}&#8221;][\/et_pb_gallery][\/et_pb_column][\/et_pb_row][et_pb_row _builder_version=&#8221;4.16&#8243; background_size=&#8221;initial&#8221; background_position=&#8221;top_left&#8221; background_repeat=&#8221;repeat&#8221; global_colors_info=&#8221;{}&#8221;][et_pb_column type=&#8221;4_4&#8243; _builder_version=&#8221;4.16&#8243; custom_padding=&#8221;|||&#8221; global_colors_info=&#8221;{}&#8221; custom_padding__hover=&#8221;|||&#8221;][et_pb_gallery gallery_ids=&#8221;404,101,46,460&#8243; show_title_and_caption=&#8221;off&#8221; show_pagination=&#8221;off&#8221; _builder_version=&#8221;4.23&#8243; _module_preset=&#8221;default&#8221; global_colors_info=&#8221;{}&#8221;][\/et_pb_gallery][et_pb_gallery gallery_ids=&#8221;502,504&#8243; posts_number=&#8221;2&#8243; show_title_and_caption=&#8221;off&#8221; show_pagination=&#8221;off&#8221; _builder_version=&#8221;4.23&#8243; _module_preset=&#8221;default&#8221; hover_enabled=&#8221;0&#8243; global_colors_info=&#8221;{}&#8221; sticky_enabled=&#8221;0&#8243;][\/et_pb_gallery][\/et_pb_column][\/et_pb_row][et_pb_row _builder_version=&#8221;4.23&#8243; _module_preset=&#8221;default&#8221; global_colors_info=&#8221;{}&#8221;][et_pb_column type=&#8221;4_4&#8243; _builder_version=&#8221;4.23&#8243; _module_preset=&#8221;default&#8221; global_colors_info=&#8221;{}&#8221;][et_pb_gallery gallery_ids=&#8221;126,125,124,123&#8243; show_title_and_caption=&#8221;off&#8221; show_pagination=&#8221;off&#8221; _builder_version=&#8221;4.23&#8243; _module_preset=&#8221;default&#8221; global_colors_info=&#8221;{}&#8221;][\/et_pb_gallery][\/et_pb_column][\/et_pb_row][\/et_pb_section][et_pb_section fb_built=&#8221;1&#8243; _builder_version=&#8221;4.23&#8243; _module_preset=&#8221;default&#8221; global_colors_info=&#8221;{}&#8221;][et_pb_row _builder_version=&#8221;4.23&#8243; _module_preset=&#8221;default&#8221; global_colors_info=&#8221;{}&#8221;][et_pb_column type=&#8221;4_4&#8243; _builder_version=&#8221;4.23&#8243; _module_preset=&#8221;default&#8221; global_colors_info=&#8221;{}&#8221;][et_pb_image src=&#8221;https:\/\/sittelleimage.studio\/wp-content\/uploads\/2024\/10\/2.jpg&#8221; title_text=&#8221;2&#8243; _builder_version=&#8221;4.23&#8243; _module_preset=&#8221;default&#8221; global_colors_info=&#8221;{}&#8221;][\/et_pb_image][\/et_pb_column][\/et_pb_row][\/et_pb_section]<\/p>\n","protected":false},"excerpt":{"rendered":"<p>Cette page met en vitrines quelques photo issues de mon catalogue. D\u00e9couvrez les th\u00e9matiques lifestyle, reportage, ou portraits.\u00a0<\/p>\n","protected":false},"author":1,"featured_media":0,"parent":0,"menu_order":0,"comment_status":"closed","ping_status":"closed","template":"","meta":{"_et_pb_use_builder":"on","_et_pb_old_content":"<!-- wp:gallery {\"linkTo\":\"none\"} -->\n<figure class=\"wp-block-gallery has-nested-images columns-default is-cropped\"><!-- wp:image {\"id\":445,\"sizeSlug\":\"large\",\"linkDestination\":\"none\"} -->\n<figure class=\"wp-block-image size-large\"><img src=\"https:\/\/sittelleimage.studio\/wp-content\/uploads\/2024\/10\/DSC07789-1024x683.jpg\" alt=\"\" class=\"wp-image-445\"\/><figcaption class=\"wp-element-caption\">Lifestyle <\/figcaption><\/figure>\n<!-- \/wp:image -->\n\n<!-- wp:image {\"id\":408,\"sizeSlug\":\"large\",\"linkDestination\":\"none\"} -->\n<figure class=\"wp-block-image size-large\"><img src=\"https:\/\/sittelleimage.studio\/wp-content\/uploads\/2024\/09\/Leman-1-1024x724.jpg\" alt=\"\" class=\"wp-image-408\"\/><\/figure>\n<!-- \/wp:image -->\n\n<!-- wp:image {\"id\":409,\"sizeSlug\":\"large\",\"linkDestination\":\"none\"} -->\n<figure class=\"wp-block-image size-large\"><img src=\"https:\/\/sittelleimage.studio\/wp-content\/uploads\/2024\/09\/DSC03673-Enhanced-NR-2-1024x724.jpg\" alt=\"\" class=\"wp-image-409\"\/><figcaption class=\"wp-element-caption\">L<\/figcaption><\/figure>\n<!-- \/wp:image -->\n\n<!-- wp:image {\"id\":407,\"sizeSlug\":\"large\",\"linkDestination\":\"none\"} -->\n<figure class=\"wp-block-image size-large\"><img src=\"https:\/\/sittelleimage.studio\/wp-content\/uploads\/2024\/09\/Impression-1-1024x724.jpg\" alt=\"\" class=\"wp-image-407\"\/><\/figure>\n<!-- \/wp:image -->\n\n<!-- wp:image {\"id\":40,\"sizeSlug\":\"large\",\"linkDestination\":\"none\",\"className\":\"is-style-default\"} -->\n<figure class=\"wp-block-image size-large is-style-default\"><img src=\"https:\/\/sittelleimage.studio\/wp-content\/uploads\/2023\/01\/Fabien-min-1024x768.jpg\" alt=\"\" class=\"wp-image-40\"\/><\/figure>\n<!-- \/wp:image -->\n\n<!-- wp:image {\"id\":403,\"sizeSlug\":\"large\",\"linkDestination\":\"none\"} -->\n<figure class=\"wp-block-image size-large\"><img src=\"https:\/\/sittelleimage.studio\/wp-content\/uploads\/2024\/09\/DSC08586-1024x683.jpg\" alt=\"\" class=\"wp-image-403\"\/><\/figure>\n<!-- \/wp:image -->\n\n<!-- wp:image {\"id\":402,\"sizeSlug\":\"large\",\"linkDestination\":\"none\"} -->\n<figure class=\"wp-block-image size-large\"><img src=\"https:\/\/sittelleimage.studio\/wp-content\/uploads\/2024\/09\/DSC08975-1024x576.jpg\" alt=\"\" class=\"wp-image-402\"\/><figcaption class=\"wp-element-caption\">Reportage <\/figcaption><\/figure>\n<!-- \/wp:image -->\n\n<!-- wp:image {\"id\":46,\"sizeSlug\":\"large\",\"linkDestination\":\"none\"} -->\n<figure class=\"wp-block-image size-large\"><img src=\"https:\/\/sittelleimage.studio\/wp-content\/uploads\/2023\/01\/phoques-min-1024x576.png\" alt=\"\" class=\"wp-image-46\"\/><\/figure>\n<!-- \/wp:image -->\n\n<!-- wp:image {\"id\":101,\"sizeSlug\":\"large\",\"linkDestination\":\"none\"} -->\n<figure class=\"wp-block-image size-large\"><img src=\"https:\/\/sittelleimage.studio\/wp-content\/uploads\/2023\/01\/vlcsnap-2023-01-10-19h27m23s416-1024x576.png\" alt=\"\" class=\"wp-image-101\"\/><\/figure>\n<!-- \/wp:image -->\n\n<!-- wp:image {\"id\":123,\"sizeSlug\":\"large\",\"linkDestination\":\"none\"} -->\n<figure class=\"wp-block-image size-large\"><img src=\"https:\/\/sittelleimage.studio\/wp-content\/uploads\/2023\/03\/retouche-mi-dos-1024x576.jpg\" alt=\"\" class=\"wp-image-123\"\/><figcaption class=\"wp-element-caption\">Portrait<\/figcaption><\/figure>\n<!-- \/wp:image -->\n\n<!-- wp:image {\"id\":124,\"sizeSlug\":\"large\",\"linkDestination\":\"none\"} -->\n<figure class=\"wp-block-image size-large\"><img src=\"https:\/\/sittelleimage.studio\/wp-content\/uploads\/2023\/03\/dernier-jour-du-disco-1024x576.png\" alt=\"\" class=\"wp-image-124\"\/><\/figure>\n<!-- \/wp:image -->\n\n<!-- wp:image {\"id\":126,\"sizeSlug\":\"large\",\"linkDestination\":\"none\"} -->\n<figure class=\"wp-block-image size-large\"><img src=\"https:\/\/sittelleimage.studio\/wp-content\/uploads\/2023\/03\/ma-preferee-1024x576.png\" alt=\"\" class=\"wp-image-126\"\/><\/figure>\n<!-- \/wp:image -->\n\n<!-- wp:image {\"id\":125,\"sizeSlug\":\"large\",\"linkDestination\":\"none\"} -->\n<figure class=\"wp-block-image size-large\"><img src=\"https:\/\/sittelleimage.studio\/wp-content\/uploads\/2023\/03\/debullee-1024x576.png\" alt=\"\" class=\"wp-image-125\"\/><\/figure>\n<!-- \/wp:image --><\/figure>\n<!-- \/wp:gallery -->","_et_gb_content_width":"","_monsterinsights_skip_tracking":false,"_monsterinsights_sitenote_active":false,"_monsterinsights_sitenote_note":"","_monsterinsights_sitenote_category":0,"footnotes":""},"class_list":["post-215","page","type-page","status-publish","hentry"],"yoast_head":"<!-- This site is optimized with the Yoast SEO plugin v25.4 - https:\/\/yoast.com\/wordpress\/plugins\/seo\/ -->\n<title>Reportages photo - Sittelle Image<\/title>\n<meta name=\"robots\" content=\"index, follow, max-snippet:-1, max-image-preview:large, max-video-preview:-1\" \/>\n<link rel=\"canonical\" href=\"https:\/\/sittelleimage.studio\/index.php\/blog\/\" \/>\n<meta property=\"og:locale\" content=\"en_US\" \/>\n<meta property=\"og:type\" content=\"article\" \/>\n<meta property=\"og:title\" content=\"Reportages photo - Sittelle Image\" \/>\n<meta property=\"og:description\" content=\"Cette page met en vitrines quelques photo issues de mon catalogue. D\u00e9couvrez les th\u00e9matiques lifestyle, reportage, ou portraits.\u00a0\" \/>\n<meta property=\"og:url\" content=\"https:\/\/sittelleimage.studio\/index.php\/blog\/\" \/>\n<meta property=\"og:site_name\" content=\"Sittelle Image\" \/>\n<meta property=\"article:publisher\" content=\"https:\/\/www.facebook.com\/profile.php?id=100094759345914\" \/>\n<meta property=\"article:modified_time\" content=\"2026-01-19T10:51:25+00:00\" \/>\n<meta name=\"twitter:card\" content=\"summary_large_image\" \/>\n<meta name=\"twitter:label1\" content=\"Est. reading time\" \/>\n\t<meta name=\"twitter:data1\" content=\"3 minutes\" \/>\n<script type=\"application\/ld+json\" class=\"yoast-schema-graph\">{\"@context\":\"https:\/\/schema.org\",\"@graph\":[{\"@type\":\"WebPage\",\"@id\":\"https:\/\/sittelleimage.studio\/index.php\/blog\/\",\"url\":\"https:\/\/sittelleimage.studio\/index.php\/blog\/\",\"name\":\"Reportages photo - Sittelle Image\",\"isPartOf\":{\"@id\":\"https:\/\/sittelleimage.studio\/#website\"},\"datePublished\":\"2023-11-15T07:57:46+00:00\",\"dateModified\":\"2026-01-19T10:51:25+00:00\",\"breadcrumb\":{\"@id\":\"https:\/\/sittelleimage.studio\/index.php\/blog\/#breadcrumb\"},\"inLanguage\":\"en-US\",\"potentialAction\":[{\"@type\":\"ReadAction\",\"target\":[\"https:\/\/sittelleimage.studio\/index.php\/blog\/\"]}]},{\"@type\":\"BreadcrumbList\",\"@id\":\"https:\/\/sittelleimage.studio\/index.php\/blog\/#breadcrumb\",\"itemListElement\":[{\"@type\":\"ListItem\",\"position\":1,\"name\":\"Accueil\",\"item\":\"https:\/\/sittelleimage.studio\/\"},{\"@type\":\"ListItem\",\"position\":2,\"name\":\"Reportages photo\"}]},{\"@type\":\"WebSite\",\"@id\":\"https:\/\/sittelleimage.studio\/#website\",\"url\":\"https:\/\/sittelleimage.studio\/\",\"name\":\"Sittelle Image\",\"description\":\"Captation, r\u00e9alisation, cr\u00e9ation vid\u00e9o \u00e0 Lyon. Sittelle Image, entreprise de communication audiovisuelle et sp\u00e9cialis\u00e9e dans le story telling\",\"publisher\":{\"@id\":\"https:\/\/sittelleimage.studio\/#organization\"},\"potentialAction\":[{\"@type\":\"SearchAction\",\"target\":{\"@type\":\"EntryPoint\",\"urlTemplate\":\"https:\/\/sittelleimage.studio\/?s={search_term_string}\"},\"query-input\":{\"@type\":\"PropertyValueSpecification\",\"valueRequired\":true,\"valueName\":\"search_term_string\"}}],\"inLanguage\":\"en-US\"},{\"@type\":\"Organization\",\"@id\":\"https:\/\/sittelleimage.studio\/#organization\",\"name\":\"Sittelle Image\",\"url\":\"https:\/\/sittelleimage.studio\/\",\"logo\":{\"@type\":\"ImageObject\",\"inLanguage\":\"en-US\",\"@id\":\"https:\/\/sittelleimage.studio\/#\/schema\/logo\/image\/\",\"url\":\"https:\/\/sittelleimage.studio\/wp-content\/uploads\/2023\/12\/Sans-titre.png\",\"contentUrl\":\"https:\/\/sittelleimage.studio\/wp-content\/uploads\/2023\/12\/Sans-titre.png\",\"width\":1115,\"height\":833,\"caption\":\"Sittelle Image\"},\"image\":{\"@id\":\"https:\/\/sittelleimage.studio\/#\/schema\/logo\/image\/\"},\"sameAs\":[\"https:\/\/www.facebook.com\/profile.php?id=100094759345914\",\"https:\/\/www.instagram.com\/sittelle_image_studio\/\"]}]}<\/script>\n<!-- \/ Yoast SEO plugin. -->","yoast_head_json":{"title":"Reportages photo - Sittelle Image","robots":{"index":"index","follow":"follow","max-snippet":"max-snippet:-1","max-image-preview":"max-image-preview:large","max-video-preview":"max-video-preview:-1"},"canonical":"https:\/\/sittelleimage.studio\/index.php\/blog\/","og_locale":"en_US","og_type":"article","og_title":"Reportages photo - Sittelle Image","og_description":"Cette page met en vitrines quelques photo issues de mon catalogue. D\u00e9couvrez les th\u00e9matiques lifestyle, reportage, ou portraits.\u00a0","og_url":"https:\/\/sittelleimage.studio\/index.php\/blog\/","og_site_name":"Sittelle Image","article_publisher":"https:\/\/www.facebook.com\/profile.php?id=100094759345914","article_modified_time":"2026-01-19T10:51:25+00:00","twitter_card":"summary_large_image","twitter_misc":{"Est. reading time":"3 minutes"},"schema":{"@context":"https:\/\/schema.org","@graph":[{"@type":"WebPage","@id":"https:\/\/sittelleimage.studio\/index.php\/blog\/","url":"https:\/\/sittelleimage.studio\/index.php\/blog\/","name":"Reportages photo - Sittelle Image","isPartOf":{"@id":"https:\/\/sittelleimage.studio\/#website"},"datePublished":"2023-11-15T07:57:46+00:00","dateModified":"2026-01-19T10:51:25+00:00","breadcrumb":{"@id":"https:\/\/sittelleimage.studio\/index.php\/blog\/#breadcrumb"},"inLanguage":"en-US","potentialAction":[{"@type":"ReadAction","target":["https:\/\/sittelleimage.studio\/index.php\/blog\/"]}]},{"@type":"BreadcrumbList","@id":"https:\/\/sittelleimage.studio\/index.php\/blog\/#breadcrumb","itemListElement":[{"@type":"ListItem","position":1,"name":"Accueil","item":"https:\/\/sittelleimage.studio\/"},{"@type":"ListItem","position":2,"name":"Reportages photo"}]},{"@type":"WebSite","@id":"https:\/\/sittelleimage.studio\/#website","url":"https:\/\/sittelleimage.studio\/","name":"Sittelle Image","description":"Captation, r\u00e9alisation, cr\u00e9ation vid\u00e9o \u00e0 Lyon. Sittelle Image, entreprise de communication audiovisuelle et sp\u00e9cialis\u00e9e dans le story telling","publisher":{"@id":"https:\/\/sittelleimage.studio\/#organization"},"potentialAction":[{"@type":"SearchAction","target":{"@type":"EntryPoint","urlTemplate":"https:\/\/sittelleimage.studio\/?s={search_term_string}"},"query-input":{"@type":"PropertyValueSpecification","valueRequired":true,"valueName":"search_term_string"}}],"inLanguage":"en-US"},{"@type":"Organization","@id":"https:\/\/sittelleimage.studio\/#organization","name":"Sittelle Image","url":"https:\/\/sittelleimage.studio\/","logo":{"@type":"ImageObject","inLanguage":"en-US","@id":"https:\/\/sittelleimage.studio\/#\/schema\/logo\/image\/","url":"https:\/\/sittelleimage.studio\/wp-content\/uploads\/2023\/12\/Sans-titre.png","contentUrl":"https:\/\/sittelleimage.studio\/wp-content\/uploads\/2023\/12\/Sans-titre.png","width":1115,"height":833,"caption":"Sittelle Image"},"image":{"@id":"https:\/\/sittelleimage.studio\/#\/schema\/logo\/image\/"},"sameAs":["https:\/\/www.facebook.com\/profile.php?id=100094759345914","https:\/\/www.instagram.com\/sittelle_image_studio\/"]}]}},"_links":{"self":[{"href":"https:\/\/sittelleimage.studio\/index.php\/wp-json\/wp\/v2\/pages\/215"}],"collection":[{"href":"https:\/\/sittelleimage.studio\/index.php\/wp-json\/wp\/v2\/pages"}],"about":[{"href":"https:\/\/sittelleimage.studio\/index.php\/wp-json\/wp\/v2\/types\/page"}],"author":[{"embeddable":true,"href":"https:\/\/sittelleimage.studio\/index.php\/wp-json\/wp\/v2\/users\/1"}],"replies":[{"embeddable":true,"href":"https:\/\/sittelleimage.studio\/index.php\/wp-json\/wp\/v2\/comments?post=215"}],"version-history":[{"count":11,"href":"https:\/\/sittelleimage.studio\/index.php\/wp-json\/wp\/v2\/pages\/215\/revisions"}],"predecessor-version":[{"id":507,"href":"https:\/\/sittelleimage.studio\/index.php\/wp-json\/wp\/v2\/pages\/215\/revisions\/507"}],"wp:attachment":[{"href":"https:\/\/sittelleimage.studio\/index.php\/wp-json\/wp\/v2\/media?parent=215"}],"curies":[{"name":"wp","href":"https:\/\/api.w.org\/{rel}","templated":true}]}}