{"id":216,"date":"2023-11-15T08:57:39","date_gmt":"2023-11-15T07:57:39","guid":{"rendered":"https:\/\/sittelleimage.studio\/?page_id=216"},"modified":"2023-11-30T10:37:18","modified_gmt":"2023-11-30T09:37:18","slug":"contact","status":"publish","type":"page","link":"https:\/\/sittelleimage.studio\/index.php\/contact\/","title":{"rendered":"Contact"},"content":{"rendered":"<p>[et_pb_section fb_built=&#8221;1&#8243; _builder_version=&#8221;4.23&#8243; _module_preset=&#8221;default&#8221; background_color=&#8221;#000000&#8243; global_colors_info=&#8221;{}&#8221;][et_pb_row column_structure=&#8221;1_2,1_2&#8243; _builder_version=&#8221;4.23&#8243; _module_preset=&#8221;default&#8221; global_colors_info=&#8221;{}&#8221;][et_pb_column type=&#8221;1_2&#8243; _builder_version=&#8221;4.23&#8243; _module_preset=&#8221;default&#8221; global_colors_info=&#8221;{}&#8221;][et_pb_text _builder_version=&#8221;4.23&#8243; _module_preset=&#8221;default&#8221; text_font=&#8221;Montserrat||||||||&#8221; text_text_color=&#8221;#FFFFFF&#8221; text_font_size=&#8221;20px&#8221; header_font=&#8221;Montserrat|700|||||||&#8221; header_text_color=&#8221;#FFFFFF&#8221; header_font_size=&#8221;42px&#8221; header_2_font=&#8221;Montserrat|700|||||||&#8221; header_2_text_color=&#8221;#FFFFFF&#8221; header_2_font_size=&#8221;42px&#8221; global_colors_info=&#8221;{}&#8221;]<\/p>\n<h2>Contact<\/h2>\n<p>&nbsp;<\/p>\n<p>122Bis Bd Emile Zola<\/p>\n<p>69600 OULLINS<\/p>\n<p>agiermariepauline@gmail.com<\/p>\n<p>07 80 20 52 19<\/p>\n<p>[\/et_pb_text][et_pb_image src=&#8221;https:\/\/sittelleimage.studio\/wp-content\/uploads\/2023\/11\/image_2023-01-10_211548599-Copie.png&#8221; title_text=&#8221;image_2023-01-10_211548599 &#8211; Copie&#8221; url=&#8221;https:\/\/www.azelar.coop&#8221; url_new_window=&#8221;on&#8221; _builder_version=&#8221;4.23&#8243; _module_preset=&#8221;default&#8221; global_colors_info=&#8221;{}&#8221;][\/et_pb_image][\/et_pb_column][et_pb_column type=&#8221;1_2&#8243; _builder_version=&#8221;4.23&#8243; _module_preset=&#8221;default&#8221; global_colors_info=&#8221;{}&#8221;][et_pb_contact_form email=&#8221;agiermariepauline@gmail.com&#8221; title=&#8221;Formulaire de contact&#8221; custom_message=&#8221;Nouveau message du formulaire de contact !||et_pb_line_break_holder||||et_pb_line_break_holder||%%Name%%||et_pb_line_break_holder||%%Email%%||et_pb_line_break_holder||%%Message%%&#8221; success_message=&#8221;Votre message a bien \u00e9t\u00e9 envoy\u00e9&#8221; submit_button_text=&#8221;Envoyer&#8221; _builder_version=&#8221;4.23&#8243; _module_preset=&#8221;default&#8221; _unique_id=&#8221;7a140065-e2de-477f-8654-7a57f70ff43b&#8221; title_font=&#8221;Montserrat||||||||&#8221; title_text_color=&#8221;#FFFFFF&#8221; custom_button=&#8221;on&#8221; button_text_color=&#8221;#FFFFFF&#8221; button_font=&#8221;Montserrat||||||||&#8221; global_colors_info=&#8221;{}&#8221;][et_pb_contact_field field_id=&#8221;Name&#8221; field_title=&#8221;Nom&#8221; _builder_version=&#8221;4.23&#8243; global_colors_info=&#8221;{}&#8221; button_text_size__hover_enabled=&#8221;off&#8221; button_one_text_size__hover_enabled=&#8221;off&#8221; button_two_text_size__hover_enabled=&#8221;off&#8221; button_text_color__hover_enabled=&#8221;off&#8221; button_one_text_color__hover_enabled=&#8221;off&#8221; button_two_text_color__hover_enabled=&#8221;off&#8221; button_border_width__hover_enabled=&#8221;off&#8221; button_one_border_width__hover_enabled=&#8221;off&#8221; button_two_border_width__hover_enabled=&#8221;off&#8221; button_border_color__hover_enabled=&#8221;off&#8221; button_one_border_color__hover_enabled=&#8221;off&#8221; button_two_border_color__hover_enabled=&#8221;off&#8221; button_border_radius__hover_enabled=&#8221;off&#8221; button_one_border_radius__hover_enabled=&#8221;off&#8221; button_two_border_radius__hover_enabled=&#8221;off&#8221; button_letter_spacing__hover_enabled=&#8221;off&#8221; button_one_letter_spacing__hover_enabled=&#8221;off&#8221; button_two_letter_spacing__hover_enabled=&#8221;off&#8221; button_bg_color__hover_enabled=&#8221;off&#8221; button_one_bg_color__hover_enabled=&#8221;off&#8221; button_two_bg_color__hover_enabled=&#8221;off&#8221;][\/et_pb_contact_field][et_pb_contact_field field_id=&#8221;Email&#8221; field_title=&#8221;Mail&#8221; field_type=&#8221;email&#8221; _builder_version=&#8221;4.23&#8243; global_colors_info=&#8221;{}&#8221; button_text_size__hover_enabled=&#8221;off&#8221; button_one_text_size__hover_enabled=&#8221;off&#8221; button_two_text_size__hover_enabled=&#8221;off&#8221; button_text_color__hover_enabled=&#8221;off&#8221; button_one_text_color__hover_enabled=&#8221;off&#8221; button_two_text_color__hover_enabled=&#8221;off&#8221; button_border_width__hover_enabled=&#8221;off&#8221; button_one_border_width__hover_enabled=&#8221;off&#8221; button_two_border_width__hover_enabled=&#8221;off&#8221; button_border_color__hover_enabled=&#8221;off&#8221; button_one_border_color__hover_enabled=&#8221;off&#8221; button_two_border_color__hover_enabled=&#8221;off&#8221; button_border_radius__hover_enabled=&#8221;off&#8221; button_one_border_radius__hover_enabled=&#8221;off&#8221; button_two_border_radius__hover_enabled=&#8221;off&#8221; button_letter_spacing__hover_enabled=&#8221;off&#8221; button_one_letter_spacing__hover_enabled=&#8221;off&#8221; button_two_letter_spacing__hover_enabled=&#8221;off&#8221; button_bg_color__hover_enabled=&#8221;off&#8221; button_one_bg_color__hover_enabled=&#8221;off&#8221; button_two_bg_color__hover_enabled=&#8221;off&#8221;][\/et_pb_contact_field][et_pb_contact_field field_id=&#8221;Message&#8221; field_title=&#8221;Message&#8221; field_type=&#8221;text&#8221; fullwidth_field=&#8221;on&#8221; _builder_version=&#8221;4.16&#8243; global_colors_info=&#8221;{}&#8221; button_text_size__hover_enabled=&#8221;off&#8221; button_one_text_size__hover_enabled=&#8221;off&#8221; button_two_text_size__hover_enabled=&#8221;off&#8221; button_text_color__hover_enabled=&#8221;off&#8221; button_one_text_color__hover_enabled=&#8221;off&#8221; button_two_text_color__hover_enabled=&#8221;off&#8221; button_border_width__hover_enabled=&#8221;off&#8221; button_one_border_width__hover_enabled=&#8221;off&#8221; button_two_border_width__hover_enabled=&#8221;off&#8221; button_border_color__hover_enabled=&#8221;off&#8221; button_one_border_color__hover_enabled=&#8221;off&#8221; button_two_border_color__hover_enabled=&#8221;off&#8221; button_border_radius__hover_enabled=&#8221;off&#8221; button_one_border_radius__hover_enabled=&#8221;off&#8221; button_two_border_radius__hover_enabled=&#8221;off&#8221; button_letter_spacing__hover_enabled=&#8221;off&#8221; button_one_letter_spacing__hover_enabled=&#8221;off&#8221; button_two_letter_spacing__hover_enabled=&#8221;off&#8221; button_bg_color__hover_enabled=&#8221;off&#8221; button_one_bg_color__hover_enabled=&#8221;off&#8221; button_two_bg_color__hover_enabled=&#8221;off&#8221;][\/et_pb_contact_field][\/et_pb_contact_form][\/et_pb_column][\/et_pb_row][\/et_pb_section][et_pb_section fb_built=&#8221;1&#8243; _builder_version=&#8221;4.23&#8243; _module_preset=&#8221;default&#8221; background_color=&#8221;#101010&#8243; use_background_color_gradient=&#8221;on&#8221; background_color_gradient_stops=&#8221;#000000 0%|#101010 100%&#8221; global_module=&#8221;250&#8243; global_colors_info=&#8221;{}&#8221;][et_pb_row column_structure=&#8221;1_3,1_3,1_3&#8243; _builder_version=&#8221;4.23&#8243; _module_preset=&#8221;default&#8221; global_colors_info=&#8221;{}&#8221;][et_pb_column type=&#8221;1_3&#8243; _builder_version=&#8221;4.23&#8243; _module_preset=&#8221;default&#8221; global_colors_info=&#8221;{}&#8221;][et_pb_image src=&#8221;https:\/\/sittelleimage.studio\/wp-content\/uploads\/2023\/01\/logo-.png&#8221; title_text=&#8221;logo-sittelle-image-blanc&#8221; _builder_version=&#8221;4.23&#8243; _module_preset=&#8221;default&#8221; global_colors_info=&#8221;{}&#8221;][\/et_pb_image][\/et_pb_column][et_pb_column type=&#8221;1_3&#8243; _builder_version=&#8221;4.23&#8243; _module_preset=&#8221;default&#8221; global_colors_info=&#8221;{}&#8221;][\/et_pb_column][et_pb_column type=&#8221;1_3&#8243; _builder_version=&#8221;4.23&#8243; _module_preset=&#8221;default&#8221; global_colors_info=&#8221;{}&#8221;][et_pb_text _builder_version=&#8221;4.23&#8243; _module_preset=&#8221;default&#8221; text_font=&#8221;Montserrat||||||||&#8221; text_text_color=&#8221;#FFFFFF&#8221; text_font_size=&#8221;20px&#8221; text_orientation=&#8221;center&#8221; global_colors_info=&#8221;{}&#8221;]<\/p>\n<p>Suivez-moi<\/p>\n<p>[\/et_pb_text][et_pb_social_media_follow _builder_version=&#8221;4.23&#8243; _module_preset=&#8221;default&#8221; text_orientation=&#8221;center&#8221; width_last_edited=&#8221;off|desktop&#8221; hover_enabled=&#8221;0&#8243; global_colors_info=&#8221;{}&#8221; sticky_enabled=&#8221;0&#8243;][et_pb_social_media_follow_network social_network=&#8221;facebook&#8221; url=&#8221;https:\/\/www.facebook.com\/profile.php?id=100094759345914&#038;locale=fr_FR&#8221; use_icon_font_size=&#8221;on&#8221; icon_font_size=&#8221;27px&#8221; _builder_version=&#8221;4.23&#8243; _module_preset=&#8221;default&#8221; background_color=&#8221;#3b5998&#8243; hover_enabled=&#8221;0&#8243; global_colors_info=&#8221;{}&#8221; follow_button=&#8221;off&#8221; url_new_window=&#8221;on&#8221; sticky_enabled=&#8221;0&#8243;]facebook[\/et_pb_social_media_follow_network][et_pb_social_media_follow_network social_network=&#8221;instagram&#8221; url=&#8221;https:\/\/www.instagram.com\/marie.agier.39\/?utm_source=ig_web_button_share_sheet&#038;igshid=OGQ5ZDc2ODk2ZA==&#8221; use_icon_font_size=&#8221;on&#8221; icon_font_size=&#8221;27px&#8221; _builder_version=&#8221;4.23&#8243; _module_preset=&#8221;default&#8221; background_color=&#8221;#ea2c59&#8243; hover_enabled=&#8221;0&#8243; global_colors_info=&#8221;{}&#8221; follow_button=&#8221;off&#8221; url_new_window=&#8221;on&#8221; sticky_enabled=&#8221;0&#8243;]instagram[\/et_pb_social_media_follow_network][\/et_pb_social_media_follow][\/et_pb_column][\/et_pb_row][et_pb_row _builder_version=&#8221;4.23&#8243; _module_preset=&#8221;default&#8221; global_colors_info=&#8221;{}&#8221;][et_pb_column type=&#8221;4_4&#8243; _builder_version=&#8221;4.23&#8243; _module_preset=&#8221;default&#8221; global_colors_info=&#8221;{}&#8221;][et_pb_text _builder_version=&#8221;4.23&#8243; _module_preset=&#8221;default&#8221; text_text_color=&#8221;#FFFFFF&#8221; text_orientation=&#8221;center&#8221; global_colors_info=&#8221;{}&#8221;]<\/p>\n<p>sitelleimage 2023 \/\u00a0<a href=\"https:\/\/sittelleimage.studio\/index.php\/mentions-legales\/\">mentions l\u00e9gales<\/a><\/p>\n<p>[\/et_pb_text][\/et_pb_column][\/et_pb_row][\/et_pb_section]<\/p>\n","protected":false},"excerpt":{"rendered":"<p>Contact &nbsp; 122Bis Bd Emile Zola 69600 OULLINS agiermariepauline@gmail.com 07 80 20 52 19Suivez-moisitelleimage 2023 \/\u00a0mentions l\u00e9gales<\/p>\n","protected":false},"author":1,"featured_media":0,"parent":0,"menu_order":0,"comment_status":"closed","ping_status":"closed","template":"","meta":{"_et_pb_use_builder":"on","_et_pb_old_content":"","_et_gb_content_width":"","_monsterinsights_skip_tracking":false,"_monsterinsights_sitenote_active":false,"_monsterinsights_sitenote_note":"","_monsterinsights_sitenote_category":0,"footnotes":""},"class_list":["post-216","page","type-page","status-publish","hentry"],"yoast_head":"<!-- This site is optimized with the Yoast SEO plugin v25.4 - https:\/\/yoast.com\/wordpress\/plugins\/seo\/ -->\n<title>Contact - Sittelle Image<\/title>\n<meta name=\"robots\" content=\"index, follow, max-snippet:-1, max-image-preview:large, max-video-preview:-1\" \/>\n<link rel=\"canonical\" href=\"https:\/\/sittelleimage.studio\/index.php\/contact\/\" \/>\n<meta property=\"og:locale\" content=\"en_US\" \/>\n<meta property=\"og:type\" content=\"article\" \/>\n<meta property=\"og:title\" content=\"Contact - Sittelle Image\" \/>\n<meta property=\"og:description\" content=\"Contact &nbsp; 122Bis Bd Emile Zola 69600 OULLINS agiermariepauline@gmail.com 07 80 20 52 19Suivez-moisitelleimage 2023 \/\u00a0mentions l\u00e9gales\" \/>\n<meta property=\"og:url\" content=\"https:\/\/sittelleimage.studio\/index.php\/contact\/\" \/>\n<meta property=\"og:site_name\" content=\"Sittelle Image\" \/>\n<meta property=\"article:publisher\" content=\"https:\/\/www.facebook.com\/profile.php?id=100094759345914\" \/>\n<meta property=\"article:modified_time\" content=\"2023-11-30T09:37:18+00:00\" \/>\n<meta name=\"twitter:card\" content=\"summary_large_image\" \/>\n<script type=\"application\/ld+json\" class=\"yoast-schema-graph\">{\"@context\":\"https:\/\/schema.org\",\"@graph\":[{\"@type\":\"WebPage\",\"@id\":\"https:\/\/sittelleimage.studio\/index.php\/contact\/\",\"url\":\"https:\/\/sittelleimage.studio\/index.php\/contact\/\",\"name\":\"Contact - Sittelle Image\",\"isPartOf\":{\"@id\":\"https:\/\/sittelleimage.studio\/#website\"},\"datePublished\":\"2023-11-15T07:57:39+00:00\",\"dateModified\":\"2023-11-30T09:37:18+00:00\",\"breadcrumb\":{\"@id\":\"https:\/\/sittelleimage.studio\/index.php\/contact\/#breadcrumb\"},\"inLanguage\":\"en-US\",\"potentialAction\":[{\"@type\":\"ReadAction\",\"target\":[\"https:\/\/sittelleimage.studio\/index.php\/contact\/\"]}]},{\"@type\":\"BreadcrumbList\",\"@id\":\"https:\/\/sittelleimage.studio\/index.php\/contact\/#breadcrumb\",\"itemListElement\":[{\"@type\":\"ListItem\",\"position\":1,\"name\":\"Accueil\",\"item\":\"https:\/\/sittelleimage.studio\/\"},{\"@type\":\"ListItem\",\"position\":2,\"name\":\"Contact\"}]},{\"@type\":\"WebSite\",\"@id\":\"https:\/\/sittelleimage.studio\/#website\",\"url\":\"https:\/\/sittelleimage.studio\/\",\"name\":\"Sittelle Image\",\"description\":\"Captation, r\u00e9alisation, cr\u00e9ation vid\u00e9o \u00e0 Lyon. Sittelle Image, entreprise de communication audiovisuelle et sp\u00e9cialis\u00e9e dans le story telling\",\"publisher\":{\"@id\":\"https:\/\/sittelleimage.studio\/#organization\"},\"potentialAction\":[{\"@type\":\"SearchAction\",\"target\":{\"@type\":\"EntryPoint\",\"urlTemplate\":\"https:\/\/sittelleimage.studio\/?s={search_term_string}\"},\"query-input\":{\"@type\":\"PropertyValueSpecification\",\"valueRequired\":true,\"valueName\":\"search_term_string\"}}],\"inLanguage\":\"en-US\"},{\"@type\":\"Organization\",\"@id\":\"https:\/\/sittelleimage.studio\/#organization\",\"name\":\"Sittelle Image\",\"url\":\"https:\/\/sittelleimage.studio\/\",\"logo\":{\"@type\":\"ImageObject\",\"inLanguage\":\"en-US\",\"@id\":\"https:\/\/sittelleimage.studio\/#\/schema\/logo\/image\/\",\"url\":\"https:\/\/sittelleimage.studio\/wp-content\/uploads\/2023\/12\/Sans-titre.png\",\"contentUrl\":\"https:\/\/sittelleimage.studio\/wp-content\/uploads\/2023\/12\/Sans-titre.png\",\"width\":1115,\"height\":833,\"caption\":\"Sittelle Image\"},\"image\":{\"@id\":\"https:\/\/sittelleimage.studio\/#\/schema\/logo\/image\/\"},\"sameAs\":[\"https:\/\/www.facebook.com\/profile.php?id=100094759345914\",\"https:\/\/www.instagram.com\/sittelle_image_studio\/\"]}]}<\/script>\n<!-- \/ Yoast SEO plugin. -->","yoast_head_json":{"title":"Contact - Sittelle Image","robots":{"index":"index","follow":"follow","max-snippet":"max-snippet:-1","max-image-preview":"max-image-preview:large","max-video-preview":"max-video-preview:-1"},"canonical":"https:\/\/sittelleimage.studio\/index.php\/contact\/","og_locale":"en_US","og_type":"article","og_title":"Contact - Sittelle Image","og_description":"Contact &nbsp; 122Bis Bd Emile Zola 69600 OULLINS agiermariepauline@gmail.com 07 80 20 52 19Suivez-moisitelleimage 2023 \/\u00a0mentions l\u00e9gales","og_url":"https:\/\/sittelleimage.studio\/index.php\/contact\/","og_site_name":"Sittelle Image","article_publisher":"https:\/\/www.facebook.com\/profile.php?id=100094759345914","article_modified_time":"2023-11-30T09:37:18+00:00","twitter_card":"summary_large_image","schema":{"@context":"https:\/\/schema.org","@graph":[{"@type":"WebPage","@id":"https:\/\/sittelleimage.studio\/index.php\/contact\/","url":"https:\/\/sittelleimage.studio\/index.php\/contact\/","name":"Contact - Sittelle Image","isPartOf":{"@id":"https:\/\/sittelleimage.studio\/#website"},"datePublished":"2023-11-15T07:57:39+00:00","dateModified":"2023-11-30T09:37:18+00:00","breadcrumb":{"@id":"https:\/\/sittelleimage.studio\/index.php\/contact\/#breadcrumb"},"inLanguage":"en-US","potentialAction":[{"@type":"ReadAction","target":["https:\/\/sittelleimage.studio\/index.php\/contact\/"]}]},{"@type":"BreadcrumbList","@id":"https:\/\/sittelleimage.studio\/index.php\/contact\/#breadcrumb","itemListElement":[{"@type":"ListItem","position":1,"name":"Accueil","item":"https:\/\/sittelleimage.studio\/"},{"@type":"ListItem","position":2,"name":"Contact"}]},{"@type":"WebSite","@id":"https:\/\/sittelleimage.studio\/#website","url":"https:\/\/sittelleimage.studio\/","name":"Sittelle Image","description":"Captation, r\u00e9alisation, cr\u00e9ation vid\u00e9o \u00e0 Lyon. Sittelle Image, entreprise de communication audiovisuelle et sp\u00e9cialis\u00e9e dans le story telling","publisher":{"@id":"https:\/\/sittelleimage.studio\/#organization"},"potentialAction":[{"@type":"SearchAction","target":{"@type":"EntryPoint","urlTemplate":"https:\/\/sittelleimage.studio\/?s={search_term_string}"},"query-input":{"@type":"PropertyValueSpecification","valueRequired":true,"valueName":"search_term_string"}}],"inLanguage":"en-US"},{"@type":"Organization","@id":"https:\/\/sittelleimage.studio\/#organization","name":"Sittelle Image","url":"https:\/\/sittelleimage.studio\/","logo":{"@type":"ImageObject","inLanguage":"en-US","@id":"https:\/\/sittelleimage.studio\/#\/schema\/logo\/image\/","url":"https:\/\/sittelleimage.studio\/wp-content\/uploads\/2023\/12\/Sans-titre.png","contentUrl":"https:\/\/sittelleimage.studio\/wp-content\/uploads\/2023\/12\/Sans-titre.png","width":1115,"height":833,"caption":"Sittelle Image"},"image":{"@id":"https:\/\/sittelleimage.studio\/#\/schema\/logo\/image\/"},"sameAs":["https:\/\/www.facebook.com\/profile.php?id=100094759345914","https:\/\/www.instagram.com\/sittelle_image_studio\/"]}]}},"_links":{"self":[{"href":"https:\/\/sittelleimage.studio\/index.php\/wp-json\/wp\/v2\/pages\/216"}],"collection":[{"href":"https:\/\/sittelleimage.studio\/index.php\/wp-json\/wp\/v2\/pages"}],"about":[{"href":"https:\/\/sittelleimage.studio\/index.php\/wp-json\/wp\/v2\/types\/page"}],"author":[{"embeddable":true,"href":"https:\/\/sittelleimage.studio\/index.php\/wp-json\/wp\/v2\/users\/1"}],"replies":[{"embeddable":true,"href":"https:\/\/sittelleimage.studio\/index.php\/wp-json\/wp\/v2\/comments?post=216"}],"version-history":[{"count":6,"href":"https:\/\/sittelleimage.studio\/index.php\/wp-json\/wp\/v2\/pages\/216\/revisions"}],"predecessor-version":[{"id":361,"href":"https:\/\/sittelleimage.studio\/index.php\/wp-json\/wp\/v2\/pages\/216\/revisions\/361"}],"wp:attachment":[{"href":"https:\/\/sittelleimage.studio\/index.php\/wp-json\/wp\/v2\/media?parent=216"}],"curies":[{"name":"wp","href":"https:\/\/api.w.org\/{rel}","templated":true}]}}