{"id":226,"date":"2023-11-15T09:01:59","date_gmt":"2023-11-15T08:01:59","guid":{"rendered":"https:\/\/sittelleimage.studio\/?page_id=226"},"modified":"2025-07-09T16:48:58","modified_gmt":"2025-07-09T14:48:58","slug":"accueil-2","status":"publish","type":"page","link":"https:\/\/sittelleimage.studio\/","title":{"rendered":"Accueil"},"content":{"rendered":"<p>[et_pb_section fb_built=&#8221;1&#8243; fullwidth=&#8221;on&#8221; _builder_version=&#8221;4.23&#8243; _module_preset=&#8221;default&#8221; hover_enabled=&#8221;0&#8243; global_colors_info=&#8221;{}&#8221; sticky_enabled=&#8221;0&#8243;][et_pb_fullwidth_header text_orientation=&#8221;center&#8221; header_fullscreen=&#8221;on&#8221; header_scroll_down=&#8221;on&#8221; scroll_down_icon=&#8221;%%0%%&#8221; button_one_text=&#8221;D\u00e9couvrir mon Showreel&#8221; button_one_url=&#8221;https:\/\/youtu.be\/P1WHzN7k_4U&#8221; content_orientation=&#8221;bottom&#8221; _builder_version=&#8221;4.23&#8243; _module_preset=&#8221;default&#8221; content_font=&#8221;Montserrat||||||||&#8221; content_font_size=&#8221;21px&#8221; background_image=&#8221;https:\/\/sittelleimage.studio\/wp-content\/uploads\/2023\/01\/unnamed-file-scaled.jpg&#8221; link_option_url_new_window=&#8221;on&#8221; inline_fonts=&#8221;Alata,Amaranth&#8221; global_colors_info=&#8221;{}&#8221;]<\/p>\n<blockquote>\n<p style=\"text-align: justify;\"><span style=\"font-family: Amaranth; font-weight: normal; font-size: large; color: #ffa100;\"><strong data-start=\"158\" data-end=\"252\">Sittelle Image<\/strong><\/span><\/p>\n<p style=\"text-align: justify;\"><span style=\"font-family: Amaranth; font-weight: normal; font-size: large; color: #ffa100;\"><strong data-start=\"158\" data-end=\"252\">Photographie et vid\u00e9os sensibles au service du vivant et de vos histoires.<\/strong><br data-start=\"252\" data-end=\"255\" \/>Bas\u00e9e \u00e0 Lyon, je cr\u00e9e des images qui r\u00e9v\u00e8lent l\u2019\u00e2me des projets, des personnes et des territoires.<br data-start=\"353\" data-end=\"356\" \/>Accompagnement sur mesure pour entreprises, artistes et institutions engag\u00e9es, entre art et authenticit\u00e9.<\/span><\/p>\n<\/blockquote>\n<p>[\/et_pb_fullwidth_header][\/et_pb_section][et_pb_section fb_built=&#8221;1&#8243; _builder_version=&#8221;4.23&#8243; _module_preset=&#8221;default&#8221; background_color=&#8221;#000000&#8243; global_colors_info=&#8221;{}&#8221;][et_pb_row column_structure=&#8221;1_2,1_2&#8243; _builder_version=&#8221;4.23&#8243; _module_preset=&#8221;default&#8221; global_colors_info=&#8221;{}&#8221;][et_pb_column type=&#8221;1_2&#8243; _builder_version=&#8221;4.23&#8243; _module_preset=&#8221;default&#8221; global_colors_info=&#8221;{}&#8221;][et_pb_image src=&#8221;https:\/\/sittelleimage.studio\/wp-content\/uploads\/2023\/04\/Photo-Marie-scaled.jpg&#8221; title_text=&#8221;Photo Marie&#8221; _builder_version=&#8221;4.23&#8243; _module_preset=&#8221;default&#8221; global_colors_info=&#8221;{}&#8221;][\/et_pb_image][\/et_pb_column][et_pb_column type=&#8221;1_2&#8243; _builder_version=&#8221;4.23&#8243; _module_preset=&#8221;default&#8221; global_colors_info=&#8221;{}&#8221;][et_pb_text _builder_version=&#8221;4.23&#8243; _module_preset=&#8221;default&#8221; header_2_font=&#8221;Montserrat|900||on|||||&#8221; header_2_text_color=&#8221;#FFFFFF&#8221; global_colors_info=&#8221;{}&#8221;]<\/p>\n<h2>MARIE AGIER<\/h2>\n<p>[\/et_pb_text][et_pb_text _builder_version=&#8221;4.23&#8243; _module_preset=&#8221;default&#8221; text_font=&#8221;Montserrat||||||||&#8221; text_text_color=&#8221;#FFFFFF&#8221; text_font_size=&#8221;20px&#8221; text_line_height=&#8221;1.8em&#8221; header_2_font=&#8221;Montserrat|900||on|||||&#8221; header_2_text_color=&#8221;#FFFFFF&#8221; text_orientation=&#8221;justified&#8221; global_colors_info=&#8221;{}&#8221;]<\/p>\n<p>Form\u00e9e dans la r\u00e9alisation documentaire et dipl\u00f4m\u00e9e en communication, je mets mes connaissances au service de la cr\u00e9ation visuelle. Ma sp\u00e9cialit\u00e9 ? Le storytelling, ou comment construire son image de marque en utilisant l\u2019esth\u00e9tique cin\u00e9matographique. Ma formation et mes go\u00fbts personnels trouvent un d\u00e9bouch\u00e9 privil\u00e9gi\u00e9 aupr\u00e8s des structures artistiques, environnementales et artisanales.<\/p>\n<p>[\/et_pb_text][\/et_pb_column][\/et_pb_row][\/et_pb_section][et_pb_section fb_built=&#8221;1&#8243; _builder_version=&#8221;4.23&#8243; _module_preset=&#8221;default&#8221; background_color=&#8221;#101010&#8243; use_background_color_gradient=&#8221;on&#8221; background_color_gradient_stops=&#8221;#000000 0%|#101010 100%&#8221; custom_padding=&#8221;||54px|||&#8221; global_module=&#8221;250&#8243; saved_tabs=&#8221;all&#8221; global_colors_info=&#8221;{}&#8221;][et_pb_row column_structure=&#8221;1_3,1_3,1_3&#8243; _builder_version=&#8221;4.23&#8243; _module_preset=&#8221;default&#8221; global_colors_info=&#8221;{}&#8221;][et_pb_column type=&#8221;1_3&#8243; _builder_version=&#8221;4.23&#8243; _module_preset=&#8221;default&#8221; global_colors_info=&#8221;{}&#8221;][et_pb_image src=&#8221;https:\/\/sittelleimage.studio\/wp-content\/uploads\/2023\/01\/logo-.png&#8221; title_text=&#8221;logo-sittelle-image-blanc&#8221; _builder_version=&#8221;4.23&#8243; _module_preset=&#8221;default&#8221; global_colors_info=&#8221;{}&#8221;][\/et_pb_image][\/et_pb_column][et_pb_column type=&#8221;1_3&#8243; _builder_version=&#8221;4.23&#8243; _module_preset=&#8221;default&#8221; global_colors_info=&#8221;{}&#8221;][\/et_pb_column][et_pb_column type=&#8221;1_3&#8243; _builder_version=&#8221;4.23&#8243; _module_preset=&#8221;default&#8221; global_colors_info=&#8221;{}&#8221;][et_pb_text _builder_version=&#8221;4.23&#8243; _module_preset=&#8221;default&#8221; text_font=&#8221;Montserrat||||||||&#8221; text_text_color=&#8221;#FFFFFF&#8221; text_font_size=&#8221;20px&#8221; text_orientation=&#8221;center&#8221; global_colors_info=&#8221;{}&#8221;]<\/p>\n<p>Suivez-nous<\/p>\n<p>[\/et_pb_text][et_pb_social_media_follow _builder_version=&#8221;4.23&#8243; _module_preset=&#8221;default&#8221; text_orientation=&#8221;center&#8221; width_last_edited=&#8221;off|desktop&#8221; global_colors_info=&#8221;{}&#8221;][et_pb_social_media_follow_network social_network=&#8221;facebook&#8221; url=&#8221;https:\/\/www.facebook.com\/profile.php?id=100094759345914&#038;locale=fr_FR&#8221; use_icon_font_size=&#8221;on&#8221; icon_font_size=&#8221;27px&#8221; _builder_version=&#8221;4.23&#8243; _module_preset=&#8221;default&#8221; background_color=&#8221;#3b5998&#8243; global_colors_info=&#8221;{}&#8221; follow_button=&#8221;off&#8221; url_new_window=&#8221;on&#8221;]facebook[\/et_pb_social_media_follow_network][et_pb_social_media_follow_network social_network=&#8221;instagram&#8221; url=&#8221;https:\/\/www.instagram.com\/marie.agier.39\/?utm_source=ig_web_button_share_sheet&#038;igshid=OGQ5ZDc2ODk2ZA==&#8221; use_icon_font_size=&#8221;on&#8221; icon_font_size=&#8221;27px&#8221; _builder_version=&#8221;4.23&#8243; _module_preset=&#8221;default&#8221; background_color=&#8221;#ea2c59&#8243; global_colors_info=&#8221;{}&#8221; follow_button=&#8221;off&#8221; url_new_window=&#8221;on&#8221;]instagram[\/et_pb_social_media_follow_network][\/et_pb_social_media_follow][\/et_pb_column][\/et_pb_row][et_pb_row _builder_version=&#8221;4.23&#8243; _module_preset=&#8221;default&#8221; global_colors_info=&#8221;{}&#8221;][et_pb_column type=&#8221;4_4&#8243; _builder_version=&#8221;4.23&#8243; _module_preset=&#8221;default&#8221; global_colors_info=&#8221;{}&#8221;][et_pb_text _builder_version=&#8221;4.23&#8243; _module_preset=&#8221;default&#8221; text_text_color=&#8221;#FFFFFF&#8221; text_orientation=&#8221;center&#8221; global_colors_info=&#8221;{}&#8221;]<\/p>\n<p>sitelleimage 2023 \/\u00a0<a href=\"https:\/\/sittelleimage.studio\/index.php\/mentions-legales\/\">mentions l\u00e9gales<\/a><\/p>\n<p>[\/et_pb_text][\/et_pb_column][\/et_pb_row][\/et_pb_section]<\/p>\n","protected":false},"excerpt":{"rendered":"<p>Sittelle Image Photographie et vid\u00e9os sensibles au service du vivant et de vos histoires.Bas\u00e9e \u00e0 Lyon, je cr\u00e9e des images qui r\u00e9v\u00e8lent l\u2019\u00e2me des projets, des personnes et des territoires.Accompagnement sur mesure pour entreprises, artistes et institutions engag\u00e9es, entre art et authenticit\u00e9. MARIE AGIERForm\u00e9e dans la r\u00e9alisation documentaire et dipl\u00f4m\u00e9e en communication, je mets mes [&hellip;]<\/p>\n","protected":false},"author":1,"featured_media":0,"parent":0,"menu_order":0,"comment_status":"closed","ping_status":"closed","template":"","meta":{"_et_pb_use_builder":"on","_et_pb_old_content":"","_et_gb_content_width":"","_monsterinsights_skip_tracking":false,"_monsterinsights_sitenote_active":false,"_monsterinsights_sitenote_note":"","_monsterinsights_sitenote_category":0,"footnotes":""},"class_list":["post-226","page","type-page","status-publish","hentry"],"yoast_head":"<!-- This site is optimized with the Yoast SEO plugin v25.4 - https:\/\/yoast.com\/wordpress\/plugins\/seo\/ -->\n<title>Accueil - Sittelle Image<\/title>\n<meta name=\"robots\" content=\"index, follow, max-snippet:-1, max-image-preview:large, max-video-preview:-1\" \/>\n<link rel=\"canonical\" href=\"https:\/\/sittelleimage.studio\/\" \/>\n<meta property=\"og:locale\" content=\"en_US\" \/>\n<meta property=\"og:type\" content=\"article\" \/>\n<meta property=\"og:title\" content=\"Accueil - Sittelle Image\" \/>\n<meta property=\"og:description\" content=\"Sittelle Image Photographie et vid\u00e9os sensibles au service du vivant et de vos histoires.Bas\u00e9e \u00e0 Lyon, je cr\u00e9e des images qui r\u00e9v\u00e8lent l\u2019\u00e2me des projets, des personnes et des territoires.Accompagnement sur mesure pour entreprises, artistes et institutions engag\u00e9es, entre art et authenticit\u00e9. MARIE AGIERForm\u00e9e dans la r\u00e9alisation documentaire et dipl\u00f4m\u00e9e en communication, je mets mes [&hellip;]\" \/>\n<meta property=\"og:url\" content=\"https:\/\/sittelleimage.studio\/\" \/>\n<meta property=\"og:site_name\" content=\"Sittelle Image\" \/>\n<meta property=\"article:publisher\" content=\"https:\/\/www.facebook.com\/profile.php?id=100094759345914\" \/>\n<meta property=\"article:modified_time\" content=\"2025-07-09T14:48:58+00:00\" \/>\n<meta name=\"twitter:card\" content=\"summary_large_image\" \/>\n<script type=\"application\/ld+json\" class=\"yoast-schema-graph\">{\"@context\":\"https:\/\/schema.org\",\"@graph\":[{\"@type\":\"WebPage\",\"@id\":\"https:\/\/sittelleimage.studio\/\",\"url\":\"https:\/\/sittelleimage.studio\/\",\"name\":\"Accueil - Sittelle Image\",\"isPartOf\":{\"@id\":\"https:\/\/sittelleimage.studio\/#website\"},\"datePublished\":\"2023-11-15T08:01:59+00:00\",\"dateModified\":\"2025-07-09T14:48:58+00:00\",\"breadcrumb\":{\"@id\":\"https:\/\/sittelleimage.studio\/#breadcrumb\"},\"inLanguage\":\"en-US\",\"potentialAction\":[{\"@type\":\"ReadAction\",\"target\":[\"https:\/\/sittelleimage.studio\/\"]}]},{\"@type\":\"BreadcrumbList\",\"@id\":\"https:\/\/sittelleimage.studio\/#breadcrumb\",\"itemListElement\":[{\"@type\":\"ListItem\",\"position\":1,\"name\":\"Accueil\",\"item\":\"https:\/\/sittelleimage.studio\/\"},{\"@type\":\"ListItem\",\"position\":2,\"name\":\"Accueil\"}]},{\"@type\":\"WebSite\",\"@id\":\"https:\/\/sittelleimage.studio\/#website\",\"url\":\"https:\/\/sittelleimage.studio\/\",\"name\":\"Sittelle Image\",\"description\":\"Captation, r\u00e9alisation, cr\u00e9ation vid\u00e9o \u00e0 Lyon. Sittelle Image, entreprise de communication audiovisuelle et sp\u00e9cialis\u00e9e dans le story telling\",\"publisher\":{\"@id\":\"https:\/\/sittelleimage.studio\/#organization\"},\"potentialAction\":[{\"@type\":\"SearchAction\",\"target\":{\"@type\":\"EntryPoint\",\"urlTemplate\":\"https:\/\/sittelleimage.studio\/?s={search_term_string}\"},\"query-input\":{\"@type\":\"PropertyValueSpecification\",\"valueRequired\":true,\"valueName\":\"search_term_string\"}}],\"inLanguage\":\"en-US\"},{\"@type\":\"Organization\",\"@id\":\"https:\/\/sittelleimage.studio\/#organization\",\"name\":\"Sittelle Image\",\"url\":\"https:\/\/sittelleimage.studio\/\",\"logo\":{\"@type\":\"ImageObject\",\"inLanguage\":\"en-US\",\"@id\":\"https:\/\/sittelleimage.studio\/#\/schema\/logo\/image\/\",\"url\":\"https:\/\/sittelleimage.studio\/wp-content\/uploads\/2023\/12\/Sans-titre.png\",\"contentUrl\":\"https:\/\/sittelleimage.studio\/wp-content\/uploads\/2023\/12\/Sans-titre.png\",\"width\":1115,\"height\":833,\"caption\":\"Sittelle Image\"},\"image\":{\"@id\":\"https:\/\/sittelleimage.studio\/#\/schema\/logo\/image\/\"},\"sameAs\":[\"https:\/\/www.facebook.com\/profile.php?id=100094759345914\",\"https:\/\/www.instagram.com\/sittelle_image_studio\/\"]}]}<\/script>\n<!-- \/ Yoast SEO plugin. -->","yoast_head_json":{"title":"Accueil - Sittelle Image","robots":{"index":"index","follow":"follow","max-snippet":"max-snippet:-1","max-image-preview":"max-image-preview:large","max-video-preview":"max-video-preview:-1"},"canonical":"https:\/\/sittelleimage.studio\/","og_locale":"en_US","og_type":"article","og_title":"Accueil - Sittelle Image","og_description":"Sittelle Image Photographie et vid\u00e9os sensibles au service du vivant et de vos histoires.Bas\u00e9e \u00e0 Lyon, je cr\u00e9e des images qui r\u00e9v\u00e8lent l\u2019\u00e2me des projets, des personnes et des territoires.Accompagnement sur mesure pour entreprises, artistes et institutions engag\u00e9es, entre art et authenticit\u00e9. MARIE AGIERForm\u00e9e dans la r\u00e9alisation documentaire et dipl\u00f4m\u00e9e en communication, je mets mes [&hellip;]","og_url":"https:\/\/sittelleimage.studio\/","og_site_name":"Sittelle Image","article_publisher":"https:\/\/www.facebook.com\/profile.php?id=100094759345914","article_modified_time":"2025-07-09T14:48:58+00:00","twitter_card":"summary_large_image","schema":{"@context":"https:\/\/schema.org","@graph":[{"@type":"WebPage","@id":"https:\/\/sittelleimage.studio\/","url":"https:\/\/sittelleimage.studio\/","name":"Accueil - Sittelle Image","isPartOf":{"@id":"https:\/\/sittelleimage.studio\/#website"},"datePublished":"2023-11-15T08:01:59+00:00","dateModified":"2025-07-09T14:48:58+00:00","breadcrumb":{"@id":"https:\/\/sittelleimage.studio\/#breadcrumb"},"inLanguage":"en-US","potentialAction":[{"@type":"ReadAction","target":["https:\/\/sittelleimage.studio\/"]}]},{"@type":"BreadcrumbList","@id":"https:\/\/sittelleimage.studio\/#breadcrumb","itemListElement":[{"@type":"ListItem","position":1,"name":"Accueil","item":"https:\/\/sittelleimage.studio\/"},{"@type":"ListItem","position":2,"name":"Accueil"}]},{"@type":"WebSite","@id":"https:\/\/sittelleimage.studio\/#website","url":"https:\/\/sittelleimage.studio\/","name":"Sittelle Image","description":"Captation, r\u00e9alisation, cr\u00e9ation vid\u00e9o \u00e0 Lyon. Sittelle Image, entreprise de communication audiovisuelle et sp\u00e9cialis\u00e9e dans le story telling","publisher":{"@id":"https:\/\/sittelleimage.studio\/#organization"},"potentialAction":[{"@type":"SearchAction","target":{"@type":"EntryPoint","urlTemplate":"https:\/\/sittelleimage.studio\/?s={search_term_string}"},"query-input":{"@type":"PropertyValueSpecification","valueRequired":true,"valueName":"search_term_string"}}],"inLanguage":"en-US"},{"@type":"Organization","@id":"https:\/\/sittelleimage.studio\/#organization","name":"Sittelle Image","url":"https:\/\/sittelleimage.studio\/","logo":{"@type":"ImageObject","inLanguage":"en-US","@id":"https:\/\/sittelleimage.studio\/#\/schema\/logo\/image\/","url":"https:\/\/sittelleimage.studio\/wp-content\/uploads\/2023\/12\/Sans-titre.png","contentUrl":"https:\/\/sittelleimage.studio\/wp-content\/uploads\/2023\/12\/Sans-titre.png","width":1115,"height":833,"caption":"Sittelle Image"},"image":{"@id":"https:\/\/sittelleimage.studio\/#\/schema\/logo\/image\/"},"sameAs":["https:\/\/www.facebook.com\/profile.php?id=100094759345914","https:\/\/www.instagram.com\/sittelle_image_studio\/"]}]}},"_links":{"self":[{"href":"https:\/\/sittelleimage.studio\/index.php\/wp-json\/wp\/v2\/pages\/226"}],"collection":[{"href":"https:\/\/sittelleimage.studio\/index.php\/wp-json\/wp\/v2\/pages"}],"about":[{"href":"https:\/\/sittelleimage.studio\/index.php\/wp-json\/wp\/v2\/types\/page"}],"author":[{"embeddable":true,"href":"https:\/\/sittelleimage.studio\/index.php\/wp-json\/wp\/v2\/users\/1"}],"replies":[{"embeddable":true,"href":"https:\/\/sittelleimage.studio\/index.php\/wp-json\/wp\/v2\/comments?post=226"}],"version-history":[{"count":17,"href":"https:\/\/sittelleimage.studio\/index.php\/wp-json\/wp\/v2\/pages\/226\/revisions"}],"predecessor-version":[{"id":498,"href":"https:\/\/sittelleimage.studio\/index.php\/wp-json\/wp\/v2\/pages\/226\/revisions\/498"}],"wp:attachment":[{"href":"https:\/\/sittelleimage.studio\/index.php\/wp-json\/wp\/v2\/media?parent=226"}],"curies":[{"name":"wp","href":"https:\/\/api.w.org\/{rel}","templated":true}]}}